{"id":240,"date":"2016-10-14T18:40:13","date_gmt":"2016-10-14T18:40:13","guid":{"rendered":"http:\/\/sergiosachicompositor.com\/?page_id=240"},"modified":"2018-02-22T19:16:30","modified_gmt":"2018-02-22T19:16:30","slug":"cela-e-o-voo-album","status":"publish","type":"page","link":"http:\/\/sergiosachicompositor.com\/?page_id=240","title":{"rendered":"*A CELA E O V\u00d4O &#8211; \u00c1lbum"},"content":{"rendered":"<p>&nbsp;<\/p>\n<p><strong>\u00a0<\/strong><strong>\u00cdNDICE<\/strong><\/p>\n<ol>\n<li><strong><em>\u201cA Cela e o V\u00f4o\u201d (Sergio Sachi)<\/em><\/strong><\/li>\n<li><strong><em>\u201cEspirarte\u201d (Sergio Sachi)<\/em><\/strong><\/li>\n<li><strong><em>\u201cCoragem\u201d (Sergio Sachi)<\/em><\/strong><\/li>\n<li><strong><em>\u201cEstrela da Manh\u00e3\u201d (Sergio Sachi)<\/em><\/strong><\/li>\n<li><strong><em>\u201cO Tempo e as Sementes (Sergio Sachi)<\/em><\/strong><\/li>\n<li><strong><em>\u201cTeu Olhar\u201d (Sergio Sachi)<\/em><\/strong><\/li>\n<li><strong><em>\u201cRumo Norte\u201d (Sergio Sachi)<\/em><\/strong><\/li>\n<li><strong><em>\u201cJeito de Ser (Capric\u00f3rnio)\u201d (Sergio Sachi)<\/em><\/strong><\/li>\n<li><strong><em>\u201cNot\u00edcias de Voc\u00ea\u201d (Sergio Sachi)<\/em><\/strong><\/li>\n<li><strong><em>\u201cDe Amor, de Justi\u00e7a e de Solidariedade\u201d (Sergio Sachi<\/em><\/strong><\/li>\n<\/ol>\n<p><strong>\u00a0<\/strong><\/p>\n<p><strong>\u00a0<\/strong><a href=\"https:\/\/www.youtube.com\/results?search_query=SERGIO+SACHI\"><strong>YOUTUBE (Inscreva-se): sergio sachi<\/strong><\/a><\/p>\n<p><strong>\u00a0<\/strong><a href=\"https:\/\/pt-br.facebook.com\/S%C3%A9rgio-Sachi-Compositor-230946653697030\/\"><strong>FACEBOOK (Curta esta P\u00e1gina): sergio sachi compositor<\/strong><\/a><\/p>\n<p>&nbsp;<\/p>\n<p><strong>&#8220;A CELA E O V\u00d4O\u201d<\/strong><\/p>\n<p><strong>\u00a0\u00a0\u00a0\u00a0\u00a0\u00a0\u00a0\u00a0\u00a0\u00a0\u00a0\u00a0\u00a0\u00a0\u00a0\u00a0\u00a0\u00a0\u00a0\u00a0\u00a0\u00a0\u00a0\u00a0\u00a0\u00a0\u00a0\u00a0\u00a0\u00a0\u00a0\u00a0\u00a0\u00a0\u00a0\u00a0\u00a0\u00a0\u00a0\u00a0\u00a0\u00a0\u00a0\u00a0\u00a0\u00a0 De:\u00a0<em>Sergio Sachi<\/em><\/strong><\/p>\n<p><a href=\"https:\/\/www.youtube.com\/watch?v=D-4D0dGMO94\"><em>ASSISTA AO V\u00cdDEO DESTA CAN\u00c7\u00c3O &#8211; CLIQUE AQU\u00cd<\/em><\/a><\/p>\n<p><strong>\u00a0Toda vez<\/strong><\/p>\n<p><strong>que o Ser Humano mergulha<\/strong><\/p>\n<p><strong>nos seus sonhos, encontra<\/strong><\/p>\n<p><strong>a Cela chamada Realidade<\/strong><\/p>\n<p><strong>t\u00e3o escura<\/strong><\/p>\n<p><strong>quanato as sombras perenes<\/strong><\/p>\n<p><strong>daquele c\u00e9u cor de chumbo<\/strong><\/p>\n<p><strong>dos seus desenganos, desenganos<\/strong><\/p>\n<p><strong>que, insanos, perambulam sem rumo,<\/strong><\/p>\n<p><strong>desfilando, dementes,<\/strong><\/p>\n<p><strong>e prontos para insistir no vagar<\/strong><\/p>\n<p><strong>no vagar&#8230;<\/strong><\/p>\n<p>&nbsp;<\/p>\n<p><strong>E j\u00e1<\/strong><\/p>\n<p><strong>que, sem ar, se debate,<\/strong><\/p>\n<p><strong>e \u00e0 tona volta, exausto,<\/strong><\/p>\n<p><strong>em busca do abandono,<\/strong><\/p>\n<p><strong>e \u00e0s margens<\/strong><\/p>\n<p><strong>como um tr\u00f4pego n\u00e1ufrago<\/strong><\/p>\n<p><strong>de imediato adormece<\/strong><\/p>\n<p><strong>(o cora\u00e7\u00e3o a pulsar devagar),<\/strong><\/p>\n<p><strong>os poemas, nascidos sem rima,<\/strong><\/p>\n<p><strong>s\u00e3o palavras vazias,<\/strong><\/p>\n<p><strong>pois em todos v\u00ea a sombra<\/strong><\/p>\n<p><strong>da Cela que o aprisiona<\/strong><\/p>\n<p><strong>Ent\u00e3o deseja<\/strong><\/p>\n<p><strong>ser embalado por uma can\u00e7\u00e3o bem leve<\/strong><\/p>\n<p><strong>que o leve para al\u00e9m da neve dos cimos<\/strong><\/p>\n<p><strong>montado no dorso do seu sonhar<\/strong><\/p>\n<p><strong>seu sonhar<\/strong><\/p>\n<p>&nbsp;<\/p>\n<p><strong>Uma can\u00e7\u00e3o<\/strong><\/p>\n<p><strong>cujo nome \u00e9 Liberdade<\/strong><\/p>\n<p><strong>que o leve para al\u00e9m das estrelas<\/strong><\/p>\n<p><strong>e que rompa os elos do seu pesar<\/strong><\/p>\n<p>&nbsp;<\/p>\n<p><strong>Um voo livre<\/strong><\/p>\n<p><strong>e leve que o transporte<\/strong><\/p>\n<p><strong>para bem longe das fronteiras cinzas<\/strong><\/p>\n<p><strong>do cotidiano<\/strong><\/p>\n<p>&nbsp;<\/p>\n<p><strong>Mas, de quando em vez,<\/strong><\/p>\n<p><strong>ao olhar sua Cela,<\/strong><\/p>\n<p><strong>percebe, num canto escuro,<\/strong><\/p>\n<p><strong>um t\u00eanue brilho, de s\u00e9culos<\/strong><\/p>\n<p><strong>V\u00ea o p\u00e1lido brilho da chama<\/strong><\/p>\n<p><strong>cujo nome \u00e9 Esperan\u00e7a<\/strong><\/p>\n<p><strong>e que aquece o frio<\/strong><\/p>\n<p><strong>dos seus dias, t\u00e3o iguais<\/strong><\/p>\n<p>&nbsp;<\/p>\n<p><strong>E ent\u00e3o sonha um voo<\/strong><\/p>\n<p><strong>iluminado por fachos de arco \u00edris<\/strong><\/p>\n<p><strong>nascidos no cora\u00e7\u00e3o do c\u00e1rcere<\/strong><\/p>\n<p><strong>e se projetando de norte a sul, norte a sul<\/strong><\/p>\n<p><strong>Seria ent\u00e3o<\/strong><\/p>\n<p><strong>um ro\u00e7ar de corpos n\u00fas<\/strong><\/p>\n<p><strong>derramados sobre a relva<\/strong><\/p>\n<p><strong>na claridade das manh\u00e3s<\/strong><\/p>\n<p>&nbsp;<\/p>\n<p><strong>Seria ent\u00e3o<\/strong><\/p>\n<p><strong>um correr descal\u00e7o na chuva<\/strong><\/p>\n<p><strong>sem ter horas e nem porqu\u00eas<\/strong><\/p>\n<p>&nbsp;<\/p>\n<p><strong>\u00c9 assim que ser\u00e1.<\/strong><\/p>\n<p>&nbsp;<\/p>\n<p><a href=\"http:\/\/sergiosachicompositor.com\/?page_id=32\"><em>CLIQUE AQUI E ADQUIRA ESTE \u00c1LBUM EM EDI\u00c7\u00c3O DE LUXO<\/em><\/a><\/p>\n<p>&nbsp;<\/p>\n<p>\u201cEPIRARTE\u201d<\/p>\n<p>De:\u00a0<em>Sergio Sachi<\/em><\/p>\n<p>Acrescentar ao Movimento<\/p>\n<p><strong>o que instiga o pensamento<\/strong><\/p>\n<p><strong>o que h\u00e1 no Al\u00e9m, no Firmamento,<\/strong><\/p>\n<p><strong>acrescentar, acrescentar, acrescentar<\/strong><\/p>\n<p>&nbsp;<\/p>\n<p><strong>Unir m\u00e3es pretas e dend\u00eas<\/strong><\/p>\n<p><strong>aos bois tat\u00e1s e perer\u00eas<\/strong><\/p>\n<p><strong>e com luz de estrelas e porqu\u00eas<\/strong><\/p>\n<p><strong>iluminar, iluminar, iluminar<\/strong><\/p>\n<p>&nbsp;<\/p>\n<p><strong>Para que as luzes do Esp\u00edrito incendeiem mente e emo\u00e7\u00e3o<\/strong><\/p>\n<p><strong>para partirmos da ra\u00edz no rumo das outras Esferas<\/strong><\/p>\n<p><strong>para que a eterna primavera brote deste solo e do cora\u00e7\u00e3o<\/strong><\/p>\n<p><strong>e seja iluminada ao sol da Nova Era<\/strong><\/p>\n<p>&nbsp;<\/p>\n<p><strong>Somar o fio da navalha<\/strong><\/p>\n<p><strong>\u00e0 extinta voz da Tropic\u00e1lia<\/strong><\/p>\n<p><strong>rasgar um talho na mortalha<\/strong><\/p>\n<p><strong>e libertar o sol, e libertar o sol<\/strong><\/p>\n<p>&nbsp;<\/p>\n<p><strong>Revolver sons de Refazenda<\/strong><\/p>\n<p><strong>remover do olhar a venda<\/strong><\/p>\n<p><strong>trazer \u00e0 tona outras lendas<\/strong><\/p>\n<p><strong>e revigorar, rever, revigorar<\/strong><\/p>\n<p><strong>Violas, c\u00f4cos, afouch\u00eas,<\/strong><\/p>\n<p><strong>bombachas e sambas lel\u00eas<\/strong><\/p>\n<p><strong>sons e id\u00e9as, luz de luar,<\/strong><\/p>\n<p><strong>sopro divino, temperar,<\/strong><\/p>\n<p><strong>Revigorrar!<\/strong><\/p>\n<p><a href=\"http:\/\/sergiosachicompositor.com\/?page_id=32\"><em>ADQUIRA ESTE \u00c1LBUM AQUI<\/em><\/a><\/p>\n<p>&nbsp;<\/p>\n<p><strong>\u201cCORAGEM\u201d<\/strong><\/p>\n<p>De:\u00a0<em>Sergio Sachi<\/em><\/p>\n<p><em>\u00a0<\/em><a href=\"https:\/\/www.youtube.com\/watch?v=GfXI6KMAsQo\"><em>CONHE\u00c7A ESTA CAN\u00c7\u00c3O AQU\u00cd<\/em><\/a><\/p>\n<p><em>\u00a0<\/em>Ent\u00e3o, Felicidade a gente busca<\/p>\n<p>com a for\u00e7a da F\u00e9 no olhar<\/p>\n<p>assim, descal\u00e7o, um passo de cada vez,<\/p>\n<p>sem se importar com as feridas nos p\u00e9s,<\/p>\n<p>e alimentando a chama da paix\u00e3o<\/p>\n<p>a cada queda e a cada rev\u00e9s<\/p>\n<p>&nbsp;<\/p>\n<p>Ent\u00e3o, o Amor com o qual a gente sonha<\/p>\n<p>desde h\u00e1 muito, pulsa no cora\u00e7\u00e3o<\/p>\n<p>s\u00f3 \u00e9 preciso partir as correntes,<\/p>\n<p>e ter o brilho da faca entre os dentes<\/p>\n<p>O Amor exige somente<\/p>\n<p>que haja coragem p\u2019ra se desnudar<\/p>\n<p>&nbsp;<\/p>\n<p>P\u2019ra cada hist\u00f3ria que termina<\/p>\n<p>h\u00e1 um recome\u00e7o e sempre haver\u00e1<\/p>\n<p>E em cada ciclo a vida ensina<\/p>\n<p>o essencial, que o aprendiz herdar\u00e1<\/p>\n<p>&nbsp;<\/p>\n<p>&nbsp;<\/p>\n<p>Basta soltar o corpo na correnteza<\/p>\n<p>e fazer-se parceiro numa nova can\u00e7\u00e3o<\/p>\n<p>A vida sempre p\u00f5e sobre a mesa a coragem<\/p>\n<p>que faz pulsar o cora\u00e7\u00e3o.<\/p>\n<p><a href=\"http:\/\/sergiosachicompositor.com\/?page_id=32\"><em>CLIQUE AQU\u00cd E ADQUIRA ESTE \u00c1LBUM<\/em><\/a><\/p>\n<p><a href=\"https:\/\/pt-br.facebook.com\/S%C3%A9rgio-Sachi-Compositor-230946653697030\/\"><em>CURTA SERGIO SACHI NO FACEBOOK<\/em><\/a><\/p>\n<p>&nbsp;<\/p>\n<p><strong>\u201cESTRELA DA MANH\u00c3\u201d<\/strong><\/p>\n<p><strong>\u00a0\u00a0\u00a0\u00a0\u00a0\u00a0\u00a0\u00a0\u00a0\u00a0\u00a0\u00a0\u00a0\u00a0\u00a0\u00a0\u00a0\u00a0\u00a0\u00a0\u00a0\u00a0\u00a0\u00a0\u00a0\u00a0\u00a0\u00a0\u00a0\u00a0\u00a0\u00a0\u00a0\u00a0\u00a0<\/strong>De:\u00a0<em>Sergio Sachi<\/em><\/p>\n<p>Estrela da Manh\u00e3<\/p>\n<p>espalha a tua luz ao longo da estrada<\/p>\n<p>Estrela da Manh\u00e3<\/p>\n<p>que venha a tua luz ao fim da madrugada<\/p>\n<p>&nbsp;<\/p>\n<p>Seja b\u00fassola e rumo<\/p>\n<p>p\u2019ro cavaleiro errante<\/p>\n<p>Seja para o viajante<\/p>\n<p>estrela guia, sol do meio dia<\/p>\n<p>e ilumina cada passo<\/p>\n<p>deste que n\u00e3o v\u00ea a hora de chegar<\/p>\n<p>&nbsp;<\/p>\n<p>Dissolve as sombras do caminho<\/p>\n<p>deste que segue sozinho<\/p>\n<p>mergulhando nos abismos<\/p>\n<p>do seu pr\u00f3prio Ser, p\u2019ra se conhecer<\/p>\n<p>e encontrar a chave da Magia<\/p>\n<p>que ser\u00e1 p\u2019ra sempre a sua pr\u00f3pria Guia<\/p>\n<p>&nbsp;<\/p>\n<p>Seja qual farol brilhante<\/p>\n<p>e orienta o navegante<\/p>\n<p>que tateia a noite espessa<\/p>\n<p>e com toda a pressa, busca a promessa<\/p>\n<p>de achar a trilha entre os recifes<\/p>\n<p>e aportar a sua nau em cais seguro.<\/p>\n<p>&nbsp;<\/p>\n<p><strong>\u201cO TEMPO E AS SEMENTES\u201d<\/strong><\/p>\n<p>De:\u00a0<em>Sergio Sachi<\/em><\/p>\n<p><em>\u00a0<\/em><a href=\"http:\/\/sergiosachicompositor.com\/?page_id=32\"><em>ADQUIRA ESTE \u00c1LBUM AQU\u00cd EM EDI\u00c7\u00c3O DE LUXO E RECEBA-O EM SEU ENDERE\u00c7O<\/em><\/a><\/p>\n<p>Ele trazia sempre \u00e0 m\u00e3o<\/p>\n<p>as flores do seu jardim<\/p>\n<p>a certeza das respostas<\/p>\n<p>a do\u00e7ura do sim<\/p>\n<p>a solu\u00e7\u00e3o de todos os conflitos<\/p>\n<p>as raz\u00f5es e os porrqu\u00eas<\/p>\n<p>as estrat\u00e9gias p\u2019ra melhor combater<\/p>\n<p>&nbsp;<\/p>\n<p>Mostrava conhecer o rumo<\/p>\n<p>e os percal\u00e7os da caminhada<\/p>\n<p>o ponto certo para o descanso<\/p>\n<p>e quando prosseguir a jornada<\/p>\n<p>Indicava ao viajante<\/p>\n<p>estalagens \u00e0 beira da estrada<\/p>\n<p>(servia o vinho e o p\u00e3o sem exigir nada)<\/p>\n<p>&nbsp;<\/p>\n<p>Olhos fixos no futuro<\/p>\n<p>caminhava com os p\u00e9s n\u00fas<\/p>\n<p>Sobre os campos, ave noturna<\/p>\n<p>semeando a plena luz<\/p>\n<p>suas pa<strong>lavras<\/strong>\u00a0eram como a brisa<\/p>\n<p>diluindo o vendaval<\/p>\n<p>eram l\u00e1grimas fecundando a chuva<\/p>\n<p>&nbsp;<\/p>\n<p>O Tempo sopra como o Vento<\/p>\n<p>Sementes pedem o Tempo p\u2019ra germinar<\/p>\n<p><a href=\"https:\/\/pt-br.facebook.com\/S%C3%A9rgio-Sachi-Compositor-230946653697030\/\"><em>FACEBOOK: CURTA &#8220;SERGIO SACHI COMPOSITOR&#8221;<\/em><\/a><\/p>\n<p>&nbsp;<\/p>\n<p>&nbsp;<\/p>\n<p><strong>\u201cTEU OLHAR\u201d<\/strong><\/p>\n<p>De:\u00a0<em>Sergio Sachi<\/em><\/p>\n<p><em>\u00a0<\/em><a href=\"https:\/\/www.youtube.com\/watch?v=H66x-aC7-qo\"><em>YOUTUBE: ASSISTA AO V\u00cdDEO DESTA CAN\u00c7\u00c3O E INSCREVA-SE<\/em><\/a><\/p>\n<p>Penso no teu olhar<\/p>\n<p>e sinto-me a navegar<\/p>\n<p>nas \u00e1guas profundas<\/p>\n<p>de um imenso mar<\/p>\n<p>\u00c9 como se o oceano habitasse em mim<\/p>\n<p>derramado sobre rochas, algas e abismos<\/p>\n<p>sem fim<\/p>\n<p>&nbsp;<\/p>\n<p>Penso no teu olhar<\/p>\n<p>e sinto-me transformar<\/p>\n<p>no azul infinito<\/p>\n<p>interestelar<\/p>\n<p>\u00c9 como se o Universo habitasse em mim<\/p>\n<p>envolvendo estrelas, vias l\u00e1cteas e gal\u00e1xias<\/p>\n<p>sem fim<\/p>\n<p>&nbsp;<\/p>\n<p>Mas sou somente a erva<\/p>\n<p>nascida na relva<\/p>\n<p>que se alimenta do calor de sol<\/p>\n<p>do teu olhar<\/p>\n<p><a href=\"http:\/\/sergiosachicompositor.com\/?page_id=32\"><em>CLIQUE AQU\u00cd PARA ADQUIRIR ESTE \u00c1LBUM<\/em><\/a><\/p>\n<p><em>\u00a0<\/em><\/p>\n<p>C<a href=\"https:\/\/pt-br.facebook.com\/S%C3%A9rgio-Sachi-Compositor-230946653697030\/\"><em>URTA A FANPAGE DE SERGIO SACHI NO FACEBOOK<\/em><\/a><\/p>\n<p><a href=\"https:\/\/www.youtube.com\/user\/sergiosachi\"><em>YOUTUBE: INSCREVA-SE NO CANAL DE SERGIO SACHI<\/em><\/a><\/p>\n<p>&nbsp;<\/p>\n<p><strong>\u201cRUMO NORTE\u201d<\/strong><\/p>\n<p>De:\u00a0<em>Sergio Sachi<\/em><\/p>\n<p><em>\u00a0<\/em><\/p>\n<p>Vieram muitos, carregando<\/p>\n<p>nas m\u00e3os, e armados s\u00f3 da coragem<\/p>\n<p>o desejo, a esperan\u00e7a<\/p>\n<p>de transformar a paisagem<\/p>\n<p>&nbsp;<\/p>\n<p>E semeavam nas areias<\/p>\n<p>sob a aurora, a mensagem<\/p>\n<p>de sonhar aqui e agora<\/p>\n<p>&nbsp;<\/p>\n<p>E despejavam nas aldeias,<\/p>\n<p>nas estradas, na aragem,<\/p>\n<p>o Amor em boa hora<\/p>\n<p>&nbsp;<\/p>\n<p>Arco \u00edris sobre as vidas<\/p>\n<p>daquela gente t\u00e3o rude<\/p>\n<p>Palavras doces e bemvindas<\/p>\n<p>como o som do ala\u00fade<\/p>\n<p>&nbsp;<\/p>\n<p>Andarilhos nas manh\u00e3s<\/p>\n<p>verbo solto a ferir a face da morte<\/p>\n<p>(para sempre seremos)<\/p>\n<p>&nbsp;<\/p>\n<p>Irm\u00e3os e filhos, amigos e irm\u00e3s<\/p>\n<p>em festa e culto, desvendada no rumo norte<\/p>\n<p>a Paz que queremos<\/p>\n<p>Palavras que atravessam<\/p>\n<p>o longo fio das gera\u00e7\u00f5es<\/p>\n<p>Poemas que dissipam<\/p>\n<p>a tristeza dos cora\u00e7\u00f5es<\/p>\n<p>&nbsp;<\/p>\n<p>Lan\u00e7ada est\u00e1 a sorte<\/p>\n<p>e quem quiser, vai encontrar<\/p>\n<p>a luz, no rumo norte<\/p>\n<p>de uma viva estrela a brilhar<\/p>\n<p><a href=\"http:\/\/sergiosachicompositor.com\/?page_id=32\"><em>ADQUIRA O \u00c1LBUM &#8220;A CELA E O V\u00d4O&#8221; EM EDI\u00c7\u00c3O DE LUXO COM TODA A SEGURAN\u00c7A E RECEBA-O EM SEU ENDERE\u00c7O &#8211; CLIQUE AQU\u00cd<\/em><\/a><\/p>\n<p>&nbsp;<\/p>\n<p><strong>\u201cJEITO DE SER (Capric\u00f3rnio)\u201d<\/strong><\/p>\n<p>De:\u00a0<em>Sergio Sachi<\/em><\/p>\n<p><em>\u00a0<\/em><a href=\"https:\/\/www.youtube.com\/user\/sergiosachi\"><em>YOUTUBE:VEJA TODOS OS V\u00cdDEOS E INSCREVA-SE<\/em><\/a><\/p>\n<p><em>\u00a0<\/em><\/p>\n<p>N\u00e3o me conhe\u00e7o<\/p>\n<p>mas muito conhe\u00e7o de mim<\/p>\n<p>Pago o meu pre\u00e7o<\/p>\n<p>mas eu me quero assim \u2013<\/p>\n<p>meio fogo, meio \u00e1gua<\/p>\n<p>meio dia terrestre<\/p>\n<p>meia noite celeste<\/p>\n<p>metamorfose sem fim<\/p>\n<p>&nbsp;<\/p>\n<p>Sou o avesso,<\/p>\n<p>guerra e paz \u2013 o estopim<\/p>\n<p>Face de gesso<\/p>\n<p>mas um cora\u00e7\u00e3o cor carmim<\/p>\n<p>meio ovo, meio \u00e1guia<\/p>\n<p>Marcas no solo agreste<\/p>\n<p>suor, trago nas vestes<\/p>\n<p>metas me dizem ao que vim<\/p>\n<p>&nbsp;<\/p>\n<p>Eu sou come\u00e7o,<\/p>\n<p>o Todo \u2013 yang e yin<\/p>\n<p>Sou o trope\u00e7o,<\/p>\n<p>a calma, o bom, o ruim<\/p>\n<p>Sou o novo, sou a m\u00e1goa<\/p>\n<p>e sou vida enquanto reste<\/p>\n<p>no meu peito algo que ateste<\/p>\n<p>minha ternura, enfim<\/p>\n<p><a href=\"http:\/\/sergiosachicompositor.com\/?page_id=32\"><em>\u00c1LBUM &#8220;A CELA E O V\u00d4O&#8221; &#8211; CLIQUE E ADQUIRA<\/em><\/a><\/p>\n<p><a href=\"https:\/\/pt-br.facebook.com\/S%C3%A9rgio-Sachi-Compositor-230946653697030\/\"><em>FACEBOOK: CURTA &#8220;SERGIO SACHI COMPOSITOR&#8221;<\/em><\/a><\/p>\n<p>&nbsp;<\/p>\n<p><strong>\u201cNOT\u00cdCIAS DE VOC\u00ca\u201d<\/strong><\/p>\n<p>De:\u00a0<em>Sergio Sachi<\/em><\/p>\n<p>&nbsp;<\/p>\n<p>Talvez este perfume leve<\/p>\n<p>que o vento \u00e0s vezes traz<\/p>\n<p>nas ondas de uma brisa breve<\/p>\n<p>seja o mesmo de tanto tempo atr\u00e1s<\/p>\n<p>quando a chuva respingava em teus cabelos<\/p>\n<p>e encharcava aquele teu vestido mais belo<\/p>\n<p>&nbsp;<\/p>\n<p>Talvez o vento traga em brisas<\/p>\n<p>not\u00edcias de voc\u00ea<\/p>\n<p>Quem sabe o vento que te acaricia<\/p>\n<p>chegue a mim p\u2019ra me dizer<\/p>\n<p>que h\u00e1 cicatrizes no lugar das velhas feridas<\/p>\n<p>e que os teus versos j\u00e1 n\u00e3o s\u00e3o mais de despedidas<\/p>\n<p>&nbsp;<\/p>\n<p>Talvez as notas<\/p>\n<p>daquela velha can\u00e7\u00e3o<\/p>\n<p>tenham voltado<\/p>\n<p>a soar no teu cora\u00e7\u00e3o<\/p>\n<p>porque o tempo restabelece toda a verdade<\/p>\n<p>porque o tempo \u00e9 o senhor da raz\u00e3o<\/p>\n<p>&nbsp;<\/p>\n<p>Talvez voc\u00ea j\u00e1 tenha percebido<\/p>\n<p>tanto quanto eu<\/p>\n<p>que na verdade o tempo transcorrido<\/p>\n<p>\u00e9 quimera que se dissolveu<\/p>\n<p>e que caminhamos por estradas paralelas<\/p>\n<p>admirando as mesmas paisagens, sempre t\u00e3o belas<\/p>\n<p>&nbsp;<\/p>\n<p>Somos fios d\u2019\u00e1gua<\/p>\n<p>correndo soltos pelo ch\u00e3o<\/p>\n<p>sempre iludidos,<\/p>\n<p>acreditando na solid\u00e3o<\/p>\n<p>sem perceber que estamos lado a lado<\/p>\n<p>em busca do mesmo oceano, t\u00e3o sonhado<\/p>\n<p>&nbsp;<\/p>\n<p>O que importa \u00e9 perceber ent\u00e3o<\/p>\n<p>que a dist\u00e2ncia n\u00e3o existe<\/p>\n<p>pois voc\u00ea sempre esteve, alegre ou triste,<\/p>\n<p>dentro do meu cora\u00e7\u00e3o.<\/p>\n<p>&nbsp;<\/p>\n<p>&nbsp;<\/p>\n<p>\u201cDE AMOR, DE JUSTI\u00c7A E DE SOLIDARIEDADE\u201d<\/p>\n<p>De:\u00a0<em>Sergio Sachi\u00a0<\/em>(para\u00a0<em>M\u00e1rio Joanoni)<\/em><\/p>\n<p>&nbsp;<\/p>\n<p>O Amor \u00e9 a Lei Maior<\/p>\n<p>dissolve toda a dor<\/p>\n<p>e cura todas as feridas<\/p>\n<p>&nbsp;<\/p>\n<p>O Amor \u00e9 a \u00faltima senten\u00e7a<\/p>\n<p>dissipa a treva densa<\/p>\n<p>no tribunal do cora\u00e7\u00e3o<\/p>\n<p>&nbsp;<\/p>\n<p>O Amor \u00e9 a paz no infort\u00fanio<\/p>\n<p>\u00e9 a luz que ilumina o t\u00fanel<\/p>\n<p>e a solid\u00e3o da caminhada<\/p>\n<p>&nbsp;<\/p>\n<p>Que o Ser Humano se fa\u00e7a livre<\/p>\n<p>no Amor que vibra e vive<\/p>\n<p>apesar da escurid\u00e3o<\/p>\n<p>&nbsp;<\/p>\n<p>Que abra as portas do cora\u00e7\u00e3o<\/p>\n<p>e semeie nele<\/p>\n<p>a Justi\u00e7a, o Amor<\/p>\n<p>e a Solidariedade<\/p>\n<p>&nbsp;<\/p>\n<p>Nas leis que regem o Universo<\/p>\n<p>nossa morada, nosso ber\u00e7o,<\/p>\n<p>somos todos t\u00e3o iguais<\/p>\n<p>&nbsp;<\/p>\n<p>No seio desta compreens\u00e3o<\/p>\n<p>que o Homem busque a uni\u00e3o<\/p>\n<p>se fa\u00e7a terno e solid\u00e1rio<\/p>\n<p>&nbsp;<\/p>\n<p>Que a Justi\u00e7a seja plena<\/p>\n<p>e brote da alma serena<\/p>\n<p>iluminada pelo Perd\u00e3o<\/p>\n<p>&nbsp;<\/p>\n<p>Que o Ser Humano se fa\u00e7a livre<\/p>\n<p>j\u00e1 que a Justi\u00e7a sobrevive<\/p>\n<p>apesar da escurid\u00e3o<\/p>\n<p>&nbsp;<\/p>\n<p>Que abra as portas do cora\u00e7\u00e3o<\/p>\n<p>http:\/\/sergiosachicompositor.com\/ Compositor\u00a0\u00a0\u00a0\u00a0\u00a0\u00a0\u00a0\u00a0\u00a0\u00a0\u00a0 e semeie nele<\/p>\n<p>a Justi\u00e7a, o Amor<\/p>\n<p>e a Solidariedade.<\/p>\n<p>&nbsp;<\/p>\n<p><strong>O Compositor, Arrasnjador e Produtor Musical SERGIO SACHI est\u00e1 inserido no grupo de artistas que se prop\u00f5em a renovar a M\u00fasica Popular Brasileira e contribuir para a sua valoriza\u00e7\u00e3o.<\/strong><\/p>\n<p><strong>Prestigie este trabalho e \u00a0divulgue esta iniciativa para seus amigos e suas amigas.<\/strong><\/p>\n<p><strong>\u00a0<\/strong><\/p>\n<p><em>\u00a0<\/em><em>SITE: <\/em><a href=\"http:\/\/sergiosachicompositor.com\/\"><em>sergiosachicompositor.com<\/em><\/a><\/p>\n<p><em>FACEBOOK: <\/em><a href=\"https:\/\/pt-br.facebook.com\/S%C3%A9rgio-Sachi-Compositor-230946653697030\/\"><em>sergio sachi compositor (curta esta FanPage)<\/em><\/a><\/p>\n<p><em>YOUTUBE: <\/em><a href=\"https:\/\/www.youtube.com\/user\/sergiosachi\"><em>sergio sachi compositor (inscreva-se)<\/em><\/a><\/p>\n<p><em>\u00a0<\/em><\/p>\n<p><a href=\"https:\/\/www.youtube.com\/watch?v=D-4D0dGMO94\"><em>&#8220;A CELA E O V\u00d4O&#8221; &#8211; assista novamente ao v\u00eddeo da Faixa-T\u00edtulo deste \u00c1lbum e deixe seu Like<\/em><\/a><\/p>\n<p><em>\u00a0<\/em><a href=\"http:\/\/sergiosachicompositor.com\/?page_id=32\"><em>COMPRE O \u00c1LBUM &#8220;A CELA E O V\u00d4O&#8221; AGORA<\/em><\/a><\/p>\n<p>&nbsp;<\/p>\n<p style=\"text-align: center;\"><strong>QUER GANHAR O E-BOOK &#8220;A CELA E O V\u00d4O&#8221;<\/strong><\/p>\n<p style=\"text-align: center;\"><strong>INTEIRAMENTE GR\u00c1TIS?<\/strong><\/p>\n<p style=\"text-align: center;\"><img loading=\"lazy\" class=\"size-medium wp-image-204 aligncenter\" src=\"http:\/\/sergiosachicompositor.com\/wp-content\/uploads\/2016\/09\/capa3Dcelavoo-300x281-1-300x281-1-300x281-1-300x281-1-300x281-1-300x281.jpg\" alt=\"rp_capa3Dcelavoo-300x281-1-300x281-1-300x281-1-300x281-1-300x281.jpg\" width=\"300\" height=\"281\" \/><\/p>\n<p style=\"text-align: center;\"><em><strong>\u00c9 S\u00d3 DEIXAR SEU NOME E ENDERE\u00c7O DE E-MAIL<\/strong><\/em><\/p>\n<p style=\"text-align: center;\"><strong><a href=\"http:\/\/sergiosachicompositor.com\/?p=174\">CLIQUE AQU\u00cd PARA ACESSAR O FORMUL\u00c1RIO<\/a><\/strong><\/p>\n<p><em>\u00a0<\/em><\/p>\n<p><em>\u00a0<\/em><\/p>\n","protected":false},"excerpt":{"rendered":"<p>&nbsp; \u00a0\u00cdNDICE \u201cA Cela e o V\u00f4o\u201d (Sergio Sachi) \u201cEspirarte\u201d (Sergio Sachi) \u201cCoragem\u201d (Sergio Sachi) \u201cEstrela da Manh\u00e3\u201d <a class=\"read-more\" href=\"http:\/\/sergiosachicompositor.com\/?page_id=240\">&#8230; Read more<\/a><\/p>\n","protected":false},"author":1,"featured_media":0,"parent":30,"menu_order":6,"comment_status":"closed","ping_status":"closed","template":"","meta":[],"_links":{"self":[{"href":"http:\/\/sergiosachicompositor.com\/index.php?rest_route=\/wp\/v2\/pages\/240"}],"collection":[{"href":"http:\/\/sergiosachicompositor.com\/index.php?rest_route=\/wp\/v2\/pages"}],"about":[{"href":"http:\/\/sergiosachicompositor.com\/index.php?rest_route=\/wp\/v2\/types\/page"}],"author":[{"embeddable":true,"href":"http:\/\/sergiosachicompositor.com\/index.php?rest_route=\/wp\/v2\/users\/1"}],"replies":[{"embeddable":true,"href":"http:\/\/sergiosachicompositor.com\/index.php?rest_route=%2Fwp%2Fv2%2Fcomments&post=240"}],"version-history":[{"count":9,"href":"http:\/\/sergiosachicompositor.com\/index.php?rest_route=\/wp\/v2\/pages\/240\/revisions"}],"predecessor-version":[{"id":720,"href":"http:\/\/sergiosachicompositor.com\/index.php?rest_route=\/wp\/v2\/pages\/240\/revisions\/720"}],"up":[{"embeddable":true,"href":"http:\/\/sergiosachicompositor.com\/index.php?rest_route=\/wp\/v2\/pages\/30"}],"wp:attachment":[{"href":"http:\/\/sergiosachicompositor.com\/index.php?rest_route=%2Fwp%2Fv2%2Fmedia&parent=240"}],"curies":[{"name":"wp","href":"https:\/\/api.w.org\/{rel}","templated":true}]}}