{"id":261,"date":"2016-10-17T17:20:21","date_gmt":"2016-10-17T17:20:21","guid":{"rendered":"http:\/\/sergiosachicompositor.com\/?page_id=261"},"modified":"2020-11-22T14:20:53","modified_gmt":"2020-11-22T14:20:53","slug":"olga-o-musical","status":"publish","type":"page","link":"http:\/\/sergiosachicompositor.com\/?page_id=261","title":{"rendered":"&#8220;OLGA &#8211; O MUSICAL&#8221;"},"content":{"rendered":"<p><em> \u00a0 \u00a0 <img loading=\"lazy\" class=\"size-medium wp-image-123 aligncenter\" src=\"http:\/\/sergiosachicompositor.com\/wp-content\/uploads\/2016\/08\/olga2-300x218.jpg\" alt=\"olga2\" width=\"300\" height=\"218\" srcset=\"http:\/\/sergiosachicompositor.com\/wp-content\/uploads\/2016\/08\/olga2-300x218.jpg 300w, http:\/\/sergiosachicompositor.com\/wp-content\/uploads\/2016\/08\/olga2-768x558.jpg 768w, http:\/\/sergiosachicompositor.com\/wp-content\/uploads\/2016\/08\/olga2-1024x744.jpg 1024w, http:\/\/sergiosachicompositor.com\/wp-content\/uploads\/2016\/08\/olga2.jpg 1600w\" sizes=\"(max-width: 300px) 100vw, 300px\" \/><\/em><\/p>\n<p><a href=\"http:\/\/sergiosachicompositor.com\/wp-content\/uploads\/2020\/11\/OLGA-2020.pdf\">TEXTO<\/a><strong><a href=\"http:\/\/sergiosachicompositor.com\/wp-content\/uploads\/2020\/11\/OLGA-2020.pdf\"> DO MUSICAL &#8220;OLGA&#8221; na \u00edntegra &#8211; FA\u00c7A DOWNLOAD<\/a>\u00a0 <\/strong><\/p>\n<p><strong>ASSISTA AO V\u00cdDEO:<\/strong><\/p>\n<p><iframe loading=\"lazy\" width=\"520\" height=\"293\" src=\"https:\/\/www.youtube.com\/embed\/rmN7W4f8TPE?feature=oembed\" frameborder=\"0\" allow=\"accelerometer; autoplay; clipboard-write; encrypted-media; gyroscope; picture-in-picture\" allowfullscreen><\/iframe><\/p>\n<p><strong>\u00a0\u00a0<\/strong><\/p>\n<p><em>\u00a0Mobilizado pela instigante e comovente\u00a0 hist\u00f3ria de Olga Ben\u00e1rio &#8211; a primeira esposa de Luis Carlos Prestes &#8211; t\u00e3o bem descrita na biografia organizada pelo escritor Fernando Morais,<br \/>\nSergio Sachi viu no tema um rico material para transform\u00e1-lo em uma Obra para Teatro. Assim, usando como b\u00fassola esta biografia, e agregando outros materiais decorrentes de suas pr\u00f3prias pesquisas, o compositor escreveu e transformou em m\u00fasica a hist\u00f3ria de Olga. Procurando nas entrelinhas dessa fascinante hist\u00f3ria , em especial, as motiva\u00e7\u00f5es emocionais das personagens envolvidas, criou este Musical, desdobrado em 3 Atos, com 30 temas musicais harmonizados e orquestrados de forma integral pelo autor. Nesta Obra de f\u00f4lego, Sergio Sachi explora in\u00fameros ritmos, com especial \u00eanfase para a M\u00fasica Popular Brasileira. Isto, em especial, no transcorrer do Ato II da Obra, quando Olga e Prestes se encontram no Brasil com o objetivo de organizar a Revolu\u00e7\u00e3o frustrada de 1.935.<\/em><\/p>\n<p><em>\u00a0Esta Obra foi objeto de cria\u00e7\u00e3o de um Projeto de Produ\u00e7\u00e3o espec\u00edfico, tendo sido apresentado e aprovado de imediato pelo Minist\u00e9rio da Cultura (para obten\u00e7\u00e3o de apoios atrav\u00e9s da Lei Rouanet) e da Secretaria de Estado da Cultura de S\u00e3o Paulo (para obnten\u00e7\u00e3o de apoios atrav\u00e9s do PROAC &#8211; Programa de Apoio \u00e0 Cultura). A par dessas aberturas, e mesmo apesar do apoio do pr\u00f3prio escritor Fernando Morais, este Projeto n\u00e3o logrou \u00eaxito na sua realiza\u00e7\u00e3o, devido \u00e0 aus\u00eancia de empresas interessadas de a ele destinar recursos (incentivo fiscal).<\/em><\/p>\n<p><em>\u00a0 \u00a0 \u00a0&#8220;OLGA &#8211; O MUSICAL&#8221; \u00e9 uma Obra que tem tamb\u00e9m como objetivo decorrente, contribuir para a cria\u00e7\u00e3o de musicais genu\u00ednamente brasileiros, valorizando e ressaltando a riqueza da nossa M\u00fasica.<\/em><\/p>\n<p><img loading=\"lazy\" class=\"size-medium wp-image-122 aligncenter\" src=\"http:\/\/sergiosachicompositor.com\/wp-content\/uploads\/2016\/08\/olga1-300x198.jpg\" alt=\"olga1\" width=\"300\" height=\"198\" srcset=\"http:\/\/sergiosachicompositor.com\/wp-content\/uploads\/2016\/08\/olga1-300x198.jpg 300w, http:\/\/sergiosachicompositor.com\/wp-content\/uploads\/2016\/08\/olga1-768x508.jpg 768w, http:\/\/sergiosachicompositor.com\/wp-content\/uploads\/2016\/08\/olga1-1024x677.jpg 1024w, http:\/\/sergiosachicompositor.com\/wp-content\/uploads\/2016\/08\/olga1.jpg 1600w\" sizes=\"(max-width: 300px) 100vw, 300px\" \/><\/p>\n<p><strong>IMPORTANTE &#8211;\u00a0<\/strong>SERGIO SACHI \u00c9 DETENTOR EXCLUSIVO DOS DIREITOS AUTORAIS E DE PRODU\u00c7\u00c3O DA OBRA &#8220;OLGA &#8211; O MUSICAL&#8221;. NESTA CONDI\u00c7\u00c3O, TEM INTERESSE EM ESTABELECER PARCERIA(s) COM PRODUTORES PARA A MATERIALIZA\u00c7\u00c3O DESTE PROJETO. OS INTERESSADOS PODEM ENVIAR MENSAGEM ATRAV\u00c9S DA OP\u00c7\u00c3O &#8220;CONTATO&#8221; DESTE SITE.<\/p>\n<p style=\"text-align: center;\"><em><strong>QUER GANHAR INTEIRAMENTE GR\u00c1TIS O E-BOOK<\/strong><\/em><\/p>\n<p style=\"text-align: center;\"><em><strong>&#8220;A CELA E O V\u00d4O&#8221; COM TODAS AS LETRAS DAS CAN\u00c7\u00d5ES<\/strong><\/em><\/p>\n<p style=\"text-align: center;\"><em><strong>DESTE \u00daLTIMO \u00c1LBUM DE SERGIO SACHI?<\/strong><\/em><\/p>\n<p style=\"text-align: center;\"><img loading=\"lazy\" class=\"alignnone size-medium wp-image-423\" src=\"http:\/\/sergiosachicompositor.com\/wp-content\/uploads\/2016\/09\/capa3Dcelavoo-300x281-1-300x281-1-300x281-1-300x281-1-300x281-1-300x281-1-300x281.jpg\" alt=\"rp_capa3Dcelavoo-300x281-1-300x281-1-300x281-1-300x281-1-300x281-1-300x281.jpg\" width=\"300\" height=\"281\" \/><\/p>\n<p style=\"text-align: center;\"><em><strong>\u00c9 S\u00d3 DEIXAR SEU NOME E ENDERE\u00c7O DE E-MAIL<\/strong><\/em><\/p>\n<p style=\"text-align: center;\"><strong><a href=\"http:\/\/sergiosachicompositor.com\/?p=174\">CLIQUE AQU\u00cd E ACESSE O FORMUL\u00c1RIO<\/a><\/strong><\/p>\n<p>&nbsp;<\/p>\n<p>&nbsp;<\/p>\n","protected":false},"excerpt":{"rendered":"<p>\u00a0 \u00a0 TEXTO DO MUSICAL &#8220;OLGA&#8221; na \u00edntegra &#8211; FA\u00c7A DOWNLOAD\u00a0 ASSISTA AO V\u00cdDEO: \u00a0\u00a0 \u00a0Mobilizado pela instigante <a class=\"read-more\" href=\"http:\/\/sergiosachicompositor.com\/?page_id=261\">&#8230; Read more<\/a><\/p>\n","protected":false},"author":1,"featured_media":0,"parent":36,"menu_order":21,"comment_status":"closed","ping_status":"closed","template":"","meta":[],"_links":{"self":[{"href":"http:\/\/sergiosachicompositor.com\/index.php?rest_route=\/wp\/v2\/pages\/261"}],"collection":[{"href":"http:\/\/sergiosachicompositor.com\/index.php?rest_route=\/wp\/v2\/pages"}],"about":[{"href":"http:\/\/sergiosachicompositor.com\/index.php?rest_route=\/wp\/v2\/types\/page"}],"author":[{"embeddable":true,"href":"http:\/\/sergiosachicompositor.com\/index.php?rest_route=\/wp\/v2\/users\/1"}],"replies":[{"embeddable":true,"href":"http:\/\/sergiosachicompositor.com\/index.php?rest_route=%2Fwp%2Fv2%2Fcomments&post=261"}],"version-history":[{"count":8,"href":"http:\/\/sergiosachicompositor.com\/index.php?rest_route=\/wp\/v2\/pages\/261\/revisions"}],"predecessor-version":[{"id":1061,"href":"http:\/\/sergiosachicompositor.com\/index.php?rest_route=\/wp\/v2\/pages\/261\/revisions\/1061"}],"up":[{"embeddable":true,"href":"http:\/\/sergiosachicompositor.com\/index.php?rest_route=\/wp\/v2\/pages\/36"}],"wp:attachment":[{"href":"http:\/\/sergiosachicompositor.com\/index.php?rest_route=%2Fwp%2Fv2%2Fmedia&parent=261"}],"curies":[{"name":"wp","href":"https:\/\/api.w.org\/{rel}","templated":true}]}}