{"id":270,"date":"2016-10-17T19:30:28","date_gmt":"2016-10-17T19:30:28","guid":{"rendered":"http:\/\/sergiosachicompositor.com\/?page_id=270"},"modified":"2017-01-18T21:23:12","modified_gmt":"2017-01-18T21:23:12","slug":"obsessao-ii-o-genro-e-sogra","status":"publish","type":"page","link":"http:\/\/sergiosachicompositor.com\/?page_id=270","title":{"rendered":"&#8220;OBSESS\u00c3O II &#8211; O Genro e a Sogra&#8221;"},"content":{"rendered":"<p><img loading=\"lazy\" class=\"size-full wp-image-210 aligncenter\" src=\"http:\/\/sergiosachicompositor.com\/wp-content\/uploads\/2016\/09\/obsess\u00e3oIII.jpg\" alt=\"obsessaoiii\" width=\"250\" height=\"242\" \/><\/p>\n<p><em>N\u00e3o era inten\u00e7\u00e3o de Sergio Sachi, ao escrever &#8220;Obess\u00e3o &#8211; Um Esp\u00edrito me Persegue&#8221;, de dar continuidade \u00e0 trama &#8220;Obsess\u00e3o&#8221;. No entanto, uma vez que o epis\u00f3dio inaugural termina com uma pergunta sem resposta &#8211; &#8220;quem vai ser o genro, e quem vai ser a sogra?&#8221;, e tamb\u00e9m atendendo a in\u00fameros pedidos, o autor resolveu dar uma resposta \u00e0 indaga\u00e7\u00e3o.<\/em><\/p>\n<p><em>\u00a0Surgiu assim &#8220;Obsess\u00e3o II &#8211; O Genro e a Sogra&#8221;. Neste epis\u00f3dio final, Irineu e Elizeu retornam novamente \u00e0 Terra. Reencarnam unidos por la\u00e7os familiares intrincados&#8230; Mas, ao final, conseguem &#8220;desatar o n\u00f3&#8221; do ressentimento e do \u00f3dio que os mantem atrelados.<\/em><\/p>\n<p><em>\u00a0 \u00a0 \u00a0Trata-se de um Texto bastante limpo e bem escrito. Para muitos que o leram, melhor ainda que o Texto relativo ao primeiro epis\u00f3dio. No \u00faltimo, n\u00e3o faltam tamb\u00e9m situa\u00e7\u00f5es hilariantes e engra\u00e7adas&#8230; Mas a trama se encerra de uma forma emocionante e envolvente.<\/em><\/p>\n<p><em>\u00a0 \u00a0 \u00a0 Este Epis\u00f3dio n\u00e3o foi ainda objeto de nenhuma montagem. O Autor aguarda a oportunidade para formar uma equipe e\/ou autorizar a uma Companhia (profissional ou amadora) que tenha interesse em dar forma a este Projeto.<\/em><\/p>\n<p><strong>IMPORTANTE &#8211;\u00a0<\/strong>OS INTERESSADOS EM REALIZAR A MONTAGEM DESTE EPIS\u00d3DIO PODEM ENTRAR EM CONTATO COM O AUTOR CLICANDO EM &#8220;CONTATO&#8221; NESTE SITE E ENVIANDO UMA MENSAGEM.<\/p>\n<p>&nbsp;<\/p>\n<p style=\"text-align: center;\"><em><strong>QUER GANHAR INTEIRAMENTE GR\u00c1TIS O E-BOOK<\/strong><\/em><\/p>\n<p style=\"text-align: center;\"><em><strong>&#8220;A CELA E O V\u00d4O&#8221; COM TODAS AS LETRAS DAS CAN\u00c7\u00d5ES<\/strong><\/em><\/p>\n<p style=\"text-align: center;\"><em><strong>DESTE \u00daLTIMO \u00c1LBUM DE SERGIO SACHI?<\/strong><\/em><\/p>\n<p style=\"text-align: center;\"><img loading=\"lazy\" class=\"alignnone size-medium wp-image-423\" src=\"http:\/\/sergiosachicompositor.com\/wp-content\/uploads\/2016\/09\/capa3Dcelavoo-300x281-1-300x281-1-300x281-1-300x281-1-300x281-1-300x281-1-300x281.jpg\" alt=\"rp_capa3Dcelavoo-300x281-1-300x281-1-300x281-1-300x281-1-300x281-1-300x281.jpg\" width=\"300\" height=\"281\" \/><\/p>\n<p style=\"text-align: center;\"><em><strong>\u00c9 S\u00d3 DEIXAR SEU NOME E ENDERE\u00c7O DE E-MAIL<\/strong><\/em><\/p>\n<p style=\"text-align: center;\"><strong><a href=\"http:\/\/sergiosachicompositor.com\/?p=174\">CLIQUE AQU\u00cd PARA ACESSAR O FORMUL\u00c1RIO<\/a><\/strong><\/p>\n<p>&nbsp;<\/p>\n<p>&nbsp;<\/p>\n<p>&nbsp;<\/p>\n","protected":false},"excerpt":{"rendered":"<p>N\u00e3o era inten\u00e7\u00e3o de Sergio Sachi, ao escrever &#8220;Obess\u00e3o &#8211; Um Esp\u00edrito me Persegue&#8221;, de dar continuidade \u00e0 <a class=\"read-more\" href=\"http:\/\/sergiosachicompositor.com\/?page_id=270\">&#8230; Read more<\/a><\/p>\n","protected":false},"author":1,"featured_media":0,"parent":36,"menu_order":23,"comment_status":"closed","ping_status":"closed","template":"","meta":[],"_links":{"self":[{"href":"http:\/\/sergiosachicompositor.com\/index.php?rest_route=\/wp\/v2\/pages\/270"}],"collection":[{"href":"http:\/\/sergiosachicompositor.com\/index.php?rest_route=\/wp\/v2\/pages"}],"about":[{"href":"http:\/\/sergiosachicompositor.com\/index.php?rest_route=\/wp\/v2\/types\/page"}],"author":[{"embeddable":true,"href":"http:\/\/sergiosachicompositor.com\/index.php?rest_route=\/wp\/v2\/users\/1"}],"replies":[{"embeddable":true,"href":"http:\/\/sergiosachicompositor.com\/index.php?rest_route=%2Fwp%2Fv2%2Fcomments&post=270"}],"version-history":[{"count":5,"href":"http:\/\/sergiosachicompositor.com\/index.php?rest_route=\/wp\/v2\/pages\/270\/revisions"}],"predecessor-version":[{"id":442,"href":"http:\/\/sergiosachicompositor.com\/index.php?rest_route=\/wp\/v2\/pages\/270\/revisions\/442"}],"up":[{"embeddable":true,"href":"http:\/\/sergiosachicompositor.com\/index.php?rest_route=\/wp\/v2\/pages\/36"}],"wp:attachment":[{"href":"http:\/\/sergiosachicompositor.com\/index.php?rest_route=%2Fwp%2Fv2%2Fmedia&parent=270"}],"curies":[{"name":"wp","href":"https:\/\/api.w.org\/{rel}","templated":true}]}}