{"id":274,"date":"2016-10-24T16:13:15","date_gmt":"2016-10-24T16:13:15","guid":{"rendered":"http:\/\/sergiosachicompositor.com\/?page_id=274"},"modified":"2017-10-11T14:00:40","modified_gmt":"2017-10-11T14:00:40","slug":"274-2","status":"publish","type":"page","link":"http:\/\/sergiosachicompositor.com\/?page_id=274","title":{"rendered":"&#8230;"},"content":{"rendered":"<p>IMPORTANTE: Adicione-nos aos seus Contatos para receber atualiza\u00e7\u00f5es e posts super interessantes. Essa provid\u00eancia simples evitar\u00e1 que novas mensagens sejam consideradas Spans.<\/p>\n<p><em>Agora, clique nos Links abaixo e acesse seus E-Books (salve-os no seu computador\/smart-phone ou fa\u00e7a download):<\/em><\/p>\n<p>&nbsp;<\/p>\n<p>EBOOK &#8220;SERGIO SACHI &#8211; 20 SUCESSOS&#8221;:<\/p>\n<p><a href=\"http:\/\/sergiosachicompositor.com\/wp-content\/uploads\/2017\/09\/E-Book-COLET\u00c2NEA.pdf\">E-Book COLET\u00c2NEA<\/a><\/p>\n<p><img loading=\"lazy\" class=\"size-medium wp-image-618 alignleft\" src=\"http:\/\/sergiosachicompositor.com\/wp-content\/uploads\/2017\/09\/CAPA-COLETY\u00c2NEA-JPG-300x300.jpg\" alt=\"\" width=\"300\" height=\"300\" \/><\/p>\n<p>&nbsp;<\/p>\n<p>QUER OUVIR AS PR\u00c9VIAS DE TODAS AS CAN\u00c7\u00d5ES OU ADQUIRIR ESTE \u00c1LBUM ON-LINE?<\/p>\n<p><a href=\"https:\/\/store.cdbaby.com\/cd\/sergiosachi\" target=\"_blank\" rel=\"noopener\">CLIQUE AQU\u00cd PARA ACESSAR A P\u00c1GINA DO \u00c1LBUM<\/a><\/p>\n<p>&nbsp;<\/p>\n<p>&nbsp;<\/p>\n<p>&nbsp;<\/p>\n<p>EBOOK &#8220;A CELA E O V\u00d4O&#8221;:<\/p>\n<p><a href=\"http:\/\/sergiosachicompositor.com\/wp-content\/uploads\/2016\/10\/EBOOK-A-CELA-E-O-VOO.pdf\" rel=\"\">ebook-a-cela-e-o-voo<\/a><\/p>\n<p>&nbsp;<\/p>\n<figure id=\"attachment_212\" aria-describedby=\"caption-attachment-212\" style=\"width: 218px\" class=\"wp-caption alignleft\"><img loading=\"lazy\" class=\"size-medium wp-image-212\" src=\"http:\/\/sergiosachicompositor.com\/wp-content\/uploads\/2016\/09\/capacelaeovoo-218x300.jpg\" alt=\"\u00c1lbum &quot;A CELA E O V\u00d4O&quot;\" width=\"218\" height=\"300\" \/><figcaption id=\"caption-attachment-212\" class=\"wp-caption-text\">\u00c1lbum &#8220;A CELA E O V\u00d4O&#8221;<\/figcaption><\/figure>\n<p><a href=\"https:\/\/pag.ae\/bddt1k5\">QUER ACRESCENTAR ESTE \u00c1LBUM \u00c0 SUA COLE\u00c7\u00c3O? ADQUIRA-O PELO PAGSEGURO E RECEBA-O EM SEU ENDERE\u00c7O COM TODA A SEGURAN\u00c7A. CLIQUE AQUI.<\/a><\/p>\n<p>&nbsp;<\/p>\n<p>&nbsp;<\/p>\n<p>&nbsp;<\/p>\n","protected":false},"excerpt":{"rendered":"<p>IMPORTANTE: Adicione-nos aos seus Contatos para receber atualiza\u00e7\u00f5es e posts super interessantes. Essa provid\u00eancia simples evitar\u00e1 que novas <a class=\"read-more\" href=\"http:\/\/sergiosachicompositor.com\/?page_id=274\">&#8230; Read more<\/a><\/p>\n","protected":false},"author":1,"featured_media":0,"parent":655,"menu_order":53,"comment_status":"closed","ping_status":"closed","template":"","meta":[],"_links":{"self":[{"href":"http:\/\/sergiosachicompositor.com\/index.php?rest_route=\/wp\/v2\/pages\/274"}],"collection":[{"href":"http:\/\/sergiosachicompositor.com\/index.php?rest_route=\/wp\/v2\/pages"}],"about":[{"href":"http:\/\/sergiosachicompositor.com\/index.php?rest_route=\/wp\/v2\/types\/page"}],"author":[{"embeddable":true,"href":"http:\/\/sergiosachicompositor.com\/index.php?rest_route=\/wp\/v2\/users\/1"}],"replies":[{"embeddable":true,"href":"http:\/\/sergiosachicompositor.com\/index.php?rest_route=%2Fwp%2Fv2%2Fcomments&post=274"}],"version-history":[{"count":8,"href":"http:\/\/sergiosachicompositor.com\/index.php?rest_route=\/wp\/v2\/pages\/274\/revisions"}],"predecessor-version":[{"id":666,"href":"http:\/\/sergiosachicompositor.com\/index.php?rest_route=\/wp\/v2\/pages\/274\/revisions\/666"}],"up":[{"embeddable":true,"href":"http:\/\/sergiosachicompositor.com\/index.php?rest_route=\/wp\/v2\/pages\/655"}],"wp:attachment":[{"href":"http:\/\/sergiosachicompositor.com\/index.php?rest_route=%2Fwp%2Fv2%2Fmedia&parent=274"}],"curies":[{"name":"wp","href":"https:\/\/api.w.org\/{rel}","templated":true}]}}