{"id":36,"date":"2016-08-04T20:19:02","date_gmt":"2016-08-04T20:19:02","guid":{"rendered":"http:\/\/sergiosachicompositor.com\/?page_id=36"},"modified":"2018-02-16T18:46:31","modified_gmt":"2018-02-16T18:46:31","slug":"teatro-e-dramaturgia","status":"publish","type":"page","link":"http:\/\/sergiosachicompositor.com\/?page_id=36","title":{"rendered":"DRAMATURGIA"},"content":{"rendered":"<p style=\"text-align: left;\"><em>\u00a0 \u00a0 \u00a0Paralelamente \u00e0 intensa atua\u00e7\u00e3o no campo musical, Sergio Sachi tem tamb\u00e9m um rico portf\u00f3lio de trabalhos realizados na \u00e1rea do Teatro. Este trabalho teve in\u00edcio ainda na adolesc\u00eancia, com a cria\u00e7\u00e3o de trilhas sonoras para pe\u00e7as teatrais (montagens para produ\u00e7\u00f5es amadoras), desdobrando-se posteriormente para os Textos e Produ\u00e7\u00f5es de iniciativa pr\u00f3pria.<\/em><\/p>\n<p style=\"text-align: left;\"><strong>SERGIO SACHI CRIOU E PRODUZIU AS TRILHAS SONORAS (CAN\u00c7\u00d5ES ORIGINAIS) PARA AS SEGUINTES MONTAGENS:<\/strong><\/p>\n<ul>\n<li style=\"text-align: left;\"><em>&#8220;A PREFIGURA\u00c7\u00c3O&#8221; &#8211; De Odilon de Souza<\/em><\/li>\n<li style=\"text-align: left;\"><em>&#8220;A MOSCA&#8221; &#8211; Grupo Teatral MEI<\/em><\/li>\n<li style=\"text-align: left;\"><em>&#8220;NADA MAIS A FAZER&#8221; &#8211; De Odilon de Souza<\/em><\/li>\n<li style=\"text-align: left;\"><em>&#8220;SUPER JULIA&#8221; &#8211; de In\u00eas de Castro<\/em><\/li>\n<li style=\"text-align: left;\"><em>&#8220;O DI\u00c1RIO DE UM CAFAJESTE&#8221; &#8211; de Diclei Remorini<\/em><\/li>\n<\/ul>\n<p><em>\u00a0 \u00a0 \u00a0Como dramaturgo, s\u00e3o de autoria de Sergio Sachi as Obras &#8220;OLGA &#8211; O MUSICAL&#8221;, &#8220;OBSESS\u00c3O &#8211; Um Esp\u00edrito me Persegue&#8221; e &#8220;OBSESS\u00c3O &#8211; O Genro e a Sogra&#8221; (repouse o mouse sobre a p\u00e1gina &#8220;Teatro e Dramaturgia&#8221; do site e acesse as P\u00e1ginas espec\u00edficas).<\/em><\/p>\n<p>&nbsp;<\/p>\n<p style=\"text-align: center;\"><em><strong>QUER GANHAR INTEIRAMENTE GR\u00c1TIS O E-BOOK<\/strong><\/em><\/p>\n<p style=\"text-align: center;\"><em><strong>&#8220;A CELA E O V\u00d4O&#8221; COM TODAS AS LETRAS DAS CAN\u00c7\u00d5ES<\/strong><\/em><\/p>\n<p style=\"text-align: center;\"><em><strong>DESTE \u00daLTIMO \u00c1LBUM DE SERGIO SACHI?<\/strong><\/em><\/p>\n<p style=\"text-align: center;\"><img loading=\"lazy\" class=\"alignnone size-medium wp-image-423\" src=\"http:\/\/sergiosachicompositor.com\/wp-content\/uploads\/2016\/09\/capa3Dcelavoo-300x281-1-300x281-1-300x281-1-300x281-1-300x281-1-300x281-1-300x281.jpg\" alt=\"rp_capa3Dcelavoo-300x281-1-300x281-1-300x281-1-300x281-1-300x281-1-300x281.jpg\" width=\"300\" height=\"281\" \/><\/p>\n<p style=\"text-align: center;\"><em><strong>\u00c9 S\u00d3 DEIXAR SEU NOME E ENDERE\u00c7O DE E-MAIL<\/strong><\/em><\/p>\n<p style=\"text-align: center;\"><strong><a href=\"http:\/\/sergiosachicompositor.com\/?p=174\">CLIQUE AQU\u00cd PARA ACESSAR O FORMUL\u00c1RIO<\/a><\/strong><\/p>\n","protected":false},"excerpt":{"rendered":"<p>\u00a0 \u00a0 \u00a0Paralelamente \u00e0 intensa atua\u00e7\u00e3o no campo musical, Sergio Sachi tem tamb\u00e9m um rico portf\u00f3lio de trabalhos <a class=\"read-more\" href=\"http:\/\/sergiosachicompositor.com\/?page_id=36\">&#8230; Read more<\/a><\/p>\n","protected":false},"author":1,"featured_media":0,"parent":0,"menu_order":20,"comment_status":"closed","ping_status":"closed","template":"","meta":[],"_links":{"self":[{"href":"http:\/\/sergiosachicompositor.com\/index.php?rest_route=\/wp\/v2\/pages\/36"}],"collection":[{"href":"http:\/\/sergiosachicompositor.com\/index.php?rest_route=\/wp\/v2\/pages"}],"about":[{"href":"http:\/\/sergiosachicompositor.com\/index.php?rest_route=\/wp\/v2\/types\/page"}],"author":[{"embeddable":true,"href":"http:\/\/sergiosachicompositor.com\/index.php?rest_route=\/wp\/v2\/users\/1"}],"replies":[{"embeddable":true,"href":"http:\/\/sergiosachicompositor.com\/index.php?rest_route=%2Fwp%2Fv2%2Fcomments&post=36"}],"version-history":[{"count":8,"href":"http:\/\/sergiosachicompositor.com\/index.php?rest_route=\/wp\/v2\/pages\/36\/revisions"}],"predecessor-version":[{"id":685,"href":"http:\/\/sergiosachicompositor.com\/index.php?rest_route=\/wp\/v2\/pages\/36\/revisions\/685"}],"wp:attachment":[{"href":"http:\/\/sergiosachicompositor.com\/index.php?rest_route=%2Fwp%2Fv2%2Fmedia&parent=36"}],"curies":[{"name":"wp","href":"https:\/\/api.w.org\/{rel}","templated":true}]}}