{"id":40,"date":"2016-08-04T22:04:25","date_gmt":"2016-08-04T22:04:25","guid":{"rendered":"http:\/\/sergiosachicompositor.com\/?page_id=40"},"modified":"2021-08-20T18:34:26","modified_gmt":"2021-08-20T18:34:26","slug":"videos","status":"publish","type":"page","link":"http:\/\/sergiosachicompositor.com\/?page_id=40","title":{"rendered":"*P\u00c1GINA 1 &#8211; Clipes"},"content":{"rendered":"<p>&#8220;CENAS URBANAS&#8221; (do \u00c1lbum &#8220;VENTO DA MUDAN\u00c7A&#8221;)<\/p>\n<p><iframe loading=\"lazy\" width=\"520\" height=\"293\" src=\"https:\/\/www.youtube.com\/embed\/23xGVp1SGyk?feature=oembed\" frameborder=\"0\" allow=\"accelerometer; autoplay; clipboard-write; encrypted-media; gyroscope; picture-in-picture\" allowfullscreen><\/iframe><\/p>\n<p>&#8220;A CELA E O V\u00d4O&#8221; (Faixa-t\u00edtulo do \u00c1lbum)<\/p>\n<p><iframe loading=\"lazy\" width=\"520\" height=\"293\" src=\"https:\/\/www.youtube.com\/embed\/D-4D0dGMO94?feature=oembed\" frameborder=\"0\" allow=\"accelerometer; autoplay; clipboard-write; encrypted-media; gyroscope; picture-in-picture\" allowfullscreen><\/iframe><\/p>\n<p><a href=\"https:\/\/pag.ae\/bddt1k5\">COMPRAR AGORA<\/a><\/p>\n<p>&#8220;CONSTELA\u00c7\u00d5ES&#8221; (Instrumental &#8211; do \u00c1lbum &#8220;Noturnas Cordas&#8221;<\/p>\n<p><iframe loading=\"lazy\" width=\"520\" height=\"293\" src=\"https:\/\/www.youtube.com\/embed\/DHecNaf3Bbs?feature=oembed\" frameborder=\"0\" allow=\"accelerometer; autoplay; clipboard-write; encrypted-media; gyroscope; picture-in-picture\" allowfullscreen><\/iframe><\/p>\n<p>&#8220;CORAGEM&#8221; (Do \u00c1lbum &#8220;A Cela e o V\u00f4o&#8221;)<\/p>\n<p><iframe loading=\"lazy\" width=\"520\" height=\"390\" src=\"https:\/\/www.youtube.com\/embed\/GfXI6KMAsQo?feature=oembed\" frameborder=\"0\" allow=\"accelerometer; autoplay; clipboard-write; encrypted-media; gyroscope; picture-in-picture\" allowfullscreen><\/iframe><\/p>\n<p>&#8220;TEU OLHAR&#8221; (Do \u00c1lbum &#8220;A Cela e o V\u00f4o&#8221;)<\/p>\n<p><iframe loading=\"lazy\" width=\"520\" height=\"293\" src=\"https:\/\/www.youtube.com\/embed\/H66x-aC7-qo?feature=oembed\" frameborder=\"0\" allow=\"accelerometer; autoplay; clipboard-write; encrypted-media; gyroscope; picture-in-picture\" allowfullscreen><\/iframe><\/p>\n<p>&#8220;VENTO DA MUDAN\u00c7A&#8221; (Faixa-t\u00edtulo do \u00c1lbum &#8220;Vento da Mudan\u00e7a&#8221;)<\/p>\n<p><iframe loading=\"lazy\" width=\"520\" height=\"390\" src=\"https:\/\/www.youtube.com\/embed\/uR34qFvHZfI?feature=oembed\" frameborder=\"0\" allow=\"accelerometer; autoplay; clipboard-write; encrypted-media; gyroscope; picture-in-picture\" allowfullscreen><\/iframe><\/p>\n<p>&#8220;VIDA (para meus filhos)&#8221; (Do \u00c1lbum &#8220;A Cela e o V\u00f4o&#8221;<\/p>\n<p><iframe loading=\"lazy\" width=\"520\" height=\"293\" src=\"https:\/\/www.youtube.com\/embed\/wIw4UbtkgjQ?feature=oembed\" frameborder=\"0\" allow=\"accelerometer; autoplay; clipboard-write; encrypted-media; gyroscope; picture-in-picture\" allowfullscreen><\/iframe><\/p>\n<p>&#8220;RUMO NORTE&#8221; (Do \u00c1lbum &#8220;A Cela e o V\u00f4o&#8221;)<\/p>\n<p><iframe loading=\"lazy\" width=\"520\" height=\"293\" src=\"https:\/\/www.youtube.com\/embed\/5RMibrgDwJ8?feature=oembed\" frameborder=\"0\" allow=\"accelerometer; autoplay; clipboard-write; encrypted-media; gyroscope; picture-in-picture\" allowfullscreen><\/iframe><\/p>\n<p>&#8220;CAN\u00c7\u00d5ES DO R\u00c1DIO&#8221; (Do \u00c1lbum &#8220;Figurino&#8221;)<\/p>\n<p><iframe loading=\"lazy\" width=\"520\" height=\"293\" src=\"https:\/\/www.youtube.com\/embed\/ZBghT68H6Tg?feature=oembed\" frameborder=\"0\" allow=\"accelerometer; autoplay; clipboard-write; encrypted-media; gyroscope; picture-in-picture\" allowfullscreen><\/iframe><\/p>\n<p>&#8220;QUE OS P\u00c1SSAROS CLAMEM&#8221; (nos \u00c1lbuns &#8220;Vento da Mudan\u00e7a&#8221; e &#8220;20 Sucessos&#8221;)<\/p>\n<p><iframe loading=\"lazy\" width=\"520\" height=\"293\" src=\"https:\/\/www.youtube.com\/embed\/LEZiUnWglqM?feature=oembed\" frameborder=\"0\" allow=\"accelerometer; autoplay; clipboard-write; encrypted-media; gyroscope; picture-in-picture\" allowfullscreen><\/iframe><\/p>\n<p>&#8220;EU E VOC\u00ca&#8221; <a href=\"https:\/\/store.cdbaby.com\/cd\/sergiosachi\">(Do \u00c1lbum &#8220;20 Sucessos&#8221; &#8211; Clique e Ou\u00e7a todas as Pr\u00e9vias gr\u00e1tis)<\/a><\/p>\n<p><iframe loading=\"lazy\" width=\"520\" height=\"293\" src=\"https:\/\/www.youtube.com\/embed\/0_BwKECNTmI?feature=oembed\" frameborder=\"0\" allow=\"accelerometer; autoplay; clipboard-write; encrypted-media; gyroscope; picture-in-picture\" allowfullscreen><\/iframe><\/p>\n<p>&#8220;NA TRANSVERSAL DO TEMPO&#8221; <a href=\"https:\/\/store.cdbaby.com\/cd\/sergiosachi\">(Do \u00c1lbum &#8220;20 Sucessos&#8221; &#8211; Clique para Adquirir)<\/a><\/p>\n<p><iframe loading=\"lazy\" width=\"520\" height=\"293\" src=\"https:\/\/www.youtube.com\/embed\/kkMAmxouI8s?feature=oembed\" frameborder=\"0\" allow=\"accelerometer; autoplay; clipboard-write; encrypted-media; gyroscope; picture-in-picture\" allowfullscreen><\/iframe><\/p>\n<p>&#8220;TR\u00caS DA TAQRDE&#8221; (Do \u00c1lbum &#8220;Vento da Mudan\u00e7a&#8221;)<\/p>\n<p><iframe loading=\"lazy\" width=\"520\" height=\"293\" src=\"https:\/\/www.youtube.com\/embed\/GjaG6H72vNM?feature=oembed\" frameborder=\"0\" allow=\"accelerometer; autoplay; clipboard-write; encrypted-media; gyroscope; picture-in-picture\" allowfullscreen><\/iframe><\/p>\n<p>&nbsp;<\/p>\n<p>&nbsp;<\/p>\n<p>&nbsp;<\/p>\n<p>&nbsp;<\/p>\n","protected":false},"excerpt":{"rendered":"<p>&#8220;CENAS URBANAS&#8221; (do \u00c1lbum &#8220;VENTO DA MUDAN\u00c7A&#8221;) &#8220;A CELA E O V\u00d4O&#8221; (Faixa-t\u00edtulo do \u00c1lbum) COMPRAR AGORA &#8220;CONSTELA\u00c7\u00d5ES&#8221; <a class=\"read-more\" href=\"http:\/\/sergiosachicompositor.com\/?page_id=40\">&#8230; Read more<\/a><\/p>\n","protected":false},"author":1,"featured_media":0,"parent":430,"menu_order":16,"comment_status":"closed","ping_status":"closed","template":"","meta":[],"_links":{"self":[{"href":"http:\/\/sergiosachicompositor.com\/index.php?rest_route=\/wp\/v2\/pages\/40"}],"collection":[{"href":"http:\/\/sergiosachicompositor.com\/index.php?rest_route=\/wp\/v2\/pages"}],"about":[{"href":"http:\/\/sergiosachicompositor.com\/index.php?rest_route=\/wp\/v2\/types\/page"}],"author":[{"embeddable":true,"href":"http:\/\/sergiosachicompositor.com\/index.php?rest_route=\/wp\/v2\/users\/1"}],"replies":[{"embeddable":true,"href":"http:\/\/sergiosachicompositor.com\/index.php?rest_route=%2Fwp%2Fv2%2Fcomments&post=40"}],"version-history":[{"count":66,"href":"http:\/\/sergiosachicompositor.com\/index.php?rest_route=\/wp\/v2\/pages\/40\/revisions"}],"predecessor-version":[{"id":1108,"href":"http:\/\/sergiosachicompositor.com\/index.php?rest_route=\/wp\/v2\/pages\/40\/revisions\/1108"}],"up":[{"embeddable":true,"href":"http:\/\/sergiosachicompositor.com\/index.php?rest_route=\/wp\/v2\/pages\/430"}],"wp:attachment":[{"href":"http:\/\/sergiosachicompositor.com\/index.php?rest_route=%2Fwp%2Fv2%2Fmedia&parent=40"}],"curies":[{"name":"wp","href":"https:\/\/api.w.org\/{rel}","templated":true}]}}