{"id":413,"date":"2016-12-22T16:19:20","date_gmt":"2016-12-22T16:19:20","guid":{"rendered":"http:\/\/sergiosachicompositor.com\/?page_id=413"},"modified":"2022-02-16T17:47:34","modified_gmt":"2022-02-16T17:47:34","slug":"pagina-2","status":"publish","type":"page","link":"http:\/\/sergiosachicompositor.com\/?page_id=413","title":{"rendered":"*P\u00c1GINA 2 &#8211; Clipes"},"content":{"rendered":"<p>&#8220;VOLTA!&#8221; &#8211; de Vagner Ara\u00fajo &#8211; do \u00c1lbum &#8220;FIGURINO&#8221;<\/p>\n<p><iframe loading=\"lazy\" width=\"520\" height=\"293\" src=\"https:\/\/www.youtube.com\/embed\/TljUE2jeDk0?feature=oembed\" frameborder=\"0\" allow=\"accelerometer; autoplay; clipboard-write; encrypted-media; gyroscope; picture-in-picture\" allowfullscreen><\/iframe><\/p>\n<p>&#8220;POR A\u00cd&#8221; &#8211; do \u00c1lbum &#8220;FIGURINO&#8221;<\/p>\n<p><iframe loading=\"lazy\" width=\"520\" height=\"293\" src=\"https:\/\/www.youtube.com\/embed\/JlTFuNEL1ag?feature=oembed\" frameborder=\"0\" allow=\"accelerometer; autoplay; clipboard-write; encrypted-media; gyroscope; picture-in-picture\" allowfullscreen><\/iframe><\/p>\n<p>&#8220;PELE&#8221; &#8211; de Sergio Sachi e Cristina Vasconcellos (do \u00c1lbum &#8220;FIGURINO&#8221;)<\/p>\n<p><iframe loading=\"lazy\" width=\"520\" height=\"293\" src=\"https:\/\/www.youtube.com\/embed\/fPY93OtWzG8?feature=oembed\" frameborder=\"0\" allow=\"accelerometer; autoplay; clipboard-write; encrypted-media; gyroscope; picture-in-picture\" allowfullscreen><\/iframe><\/p>\n<p>&#8220;VELHO VESTIDO&#8221;, de\u00a0 Dion\u00edzio Arilha<\/p>\n<p><iframe loading=\"lazy\" width=\"520\" height=\"293\" src=\"https:\/\/www.youtube.com\/embed\/FLpjs6L06i4?feature=oembed\" frameborder=\"0\" allow=\"accelerometer; autoplay; clipboard-write; encrypted-media; gyroscope; picture-in-picture\" allowfullscreen><\/iframe><\/p>\n<p>&#8220;BALUARTES DO SAMBA&#8221; &#8211; Samba-Bossa de Carlinhos S\u00f3 do \u00c1lbum &#8220;FIRUGINO&#8221;<\/p>\n<p><iframe loading=\"lazy\" width=\"520\" height=\"293\" src=\"https:\/\/www.youtube.com\/embed\/yQK0_DR7t-k?feature=oembed\" frameborder=\"0\" allow=\"accelerometer; autoplay; clipboard-write; encrypted-media; gyroscope; picture-in-picture\" allowfullscreen><\/iframe><\/p>\n<p>&#8220;FAVO DE MEL&#8221; &#8211; Samba de Carlinhos S\u00f3 do \u00c1lbum &#8220;FIGURINO&#8221;<\/p>\n<p><iframe loading=\"lazy\" width=\"520\" height=\"293\" src=\"https:\/\/www.youtube.com\/embed\/fStnoeHymho?feature=oembed\" frameborder=\"0\" allow=\"accelerometer; autoplay; clipboard-write; encrypted-media; gyroscope; picture-in-picture\" allowfullscreen><\/iframe><\/p>\n<p style=\"text-align: left;\">&#8220;ESTRELA DA MANH\u00c3&#8221; (Do \u00c1lbum &#8220;A Cela e o V\u00f4o&#8221;)<\/p>\n<p><iframe loading=\"lazy\" width=\"520\" height=\"293\" src=\"https:\/\/www.youtube.com\/embed\/cmyqanmIfzg?feature=oembed\" frameborder=\"0\" allow=\"accelerometer; autoplay; clipboard-write; encrypted-media; gyroscope; picture-in-picture\" allowfullscreen><\/iframe><\/p>\n<p style=\"text-align: left;\">&#8220;POETA&#8221; (Do \u00c1lbum &#8220;A Cela e o Voo&#8221;)<\/p>\n<p><iframe loading=\"lazy\" width=\"520\" height=\"293\" src=\"https:\/\/www.youtube.com\/embed\/Eu9OgZ6tl94?feature=oembed\" frameborder=\"0\" allow=\"accelerometer; autoplay; clipboard-write; encrypted-media; gyroscope; picture-in-picture\" allowfullscreen><\/iframe><\/p>\n<p style=\"text-align: center;\"><strong>&#8220;O QUE A VIDA QUISER ME DAR&#8221;\u00a0<\/strong><a href=\"https:\/\/store.cdbaby.com\/cd\/sergiosachi\" target=\"_blank\" rel=\"noopener\">(Do \u00c1lbum &#8220;20 SUCESSOS&#8221; &#8211; Ou\u00e7a e Adquira Aqu\u00ed)<\/a><\/p>\n<p><iframe loading=\"lazy\" width=\"520\" height=\"293\" src=\"https:\/\/www.youtube.com\/embed\/848Qjqsi8kY?feature=oembed\" frameborder=\"0\" allow=\"accelerometer; autoplay; clipboard-write; encrypted-media; gyroscope; picture-in-picture\" allowfullscreen><\/iframe><\/p>\n<p style=\"text-align: left;\"><strong>&#8220;JEITO DE SER (Capric\u00f3rnio)&#8221;\u00a0<\/strong><a href=\"https:\/\/store.cdbaby.com\/cd\/sergiosachi\" target=\"_blank\" rel=\"noopener\">(Do \u00c1lbum &#8220;20 SUCESSOS&#8221; &#8211; Ou\u00e7a Todas as Pr\u00e9vias)<\/a><\/p>\n<p><iframe loading=\"lazy\" width=\"520\" height=\"293\" src=\"https:\/\/www.youtube.com\/embed\/6PTZBWPg2dA?feature=oembed\" frameborder=\"0\" allow=\"accelerometer; autoplay; clipboard-write; encrypted-media; gyroscope; picture-in-picture\" allowfullscreen><\/iframe><\/p>\n<p style=\"text-align: left;\"><strong>&#8220;ASSIM&#8221;\u00a0<\/strong><a href=\"https:\/\/store.cdbaby.com\/cd\/sergiosachi\" target=\"_blank\" rel=\"noopener\">(Do \u00c1lbum &#8220;20 SUCESSOS&#8221; -Ou\u00e7a Aqui Todas as Can\u00e7\u00f5es)<\/a><\/p>\n<p><iframe loading=\"lazy\" width=\"520\" height=\"293\" src=\"https:\/\/www.youtube.com\/embed\/XzfwqbP9hE4?feature=oembed\" frameborder=\"0\" allow=\"accelerometer; autoplay; clipboard-write; encrypted-media; gyroscope; picture-in-picture\" allowfullscreen><\/iframe><\/p>\n<p style=\"text-align: left;\"><strong>&#8220;NA HORA DO SONHO&#8221;\u00a0<\/strong><a href=\"https:\/\/store.cdbaby.com\/cd\/sergiosachi\" target=\"_blank\" rel=\"noopener\">(o \u00c1lbum &#8220;20 SUCESSOS&#8221; &#8211; Clique para Ouvir todas as Pr\u00e9vias)<\/a><\/p>\n<p><iframe loading=\"lazy\" width=\"520\" height=\"293\" src=\"https:\/\/www.youtube.com\/embed\/uGIgCro97vo?feature=oembed\" frameborder=\"0\" allow=\"accelerometer; autoplay; clipboard-write; encrypted-media; gyroscope; picture-in-picture\" allowfullscreen><\/iframe><\/p>\n<p style=\"text-align: left;\"><strong>&#8220;HOMEM DO AMANH\u00c3&#8221;\u00a0<\/strong><a href=\"https:\/\/store.cdbaby.com\/cd\/sergiosachi\" target=\"_blank\" rel=\"noopener\">(Do \u00c1lbum &#8220;20 SUCESSOS&#8221; &#8211; Ou\u00e7a Aqu\u00ed as Pr\u00e9vias)<\/a><\/p>\n<p><iframe loading=\"lazy\" width=\"520\" height=\"293\" src=\"https:\/\/www.youtube.com\/embed\/HPYORb9cohs?feature=oembed\" frameborder=\"0\" allow=\"accelerometer; autoplay; clipboard-write; encrypted-media; gyroscope; picture-in-picture\" allowfullscreen><\/iframe><\/p>\n<p><strong>&#8220;ROSEIRA&#8221;\u00a0<\/strong><a href=\"https:\/\/store.cdbaby.com\/cd\/sergiosachi\" target=\"_blank\" rel=\"noopener\">(Do \u00c1lbum &#8220;20 SUCESSOS&#8221; &#8211; Ou\u00e7a as Pr\u00e9vias das Can\u00e7\u00f5es Aqu\u00ed)<\/a><\/p>\n<p><iframe loading=\"lazy\" width=\"520\" height=\"293\" src=\"https:\/\/www.youtube.com\/embed\/avVlEpL3E3M?feature=oembed\" frameborder=\"0\" allow=\"accelerometer; autoplay; clipboard-write; encrypted-media; gyroscope; picture-in-picture\" allowfullscreen><\/iframe><\/p>\n<p style=\"text-align: left;\"><strong>&#8220;FIGURINO&#8221; (Faixa t\u00edtulo do \u00c1lbum)<\/strong><\/p>\n<p style=\"text-align: left;\"><em><strong><a href=\"https:\/\/pag.ae\/bhd5xMR\">ACRESCENTE ESTE \u00c1LBUM AO SEU ACERVO &#8211; Para adquirir clique aqui<\/a><\/strong><\/em><\/p>\n<p><iframe loading=\"lazy\" width=\"520\" height=\"293\" src=\"https:\/\/www.youtube.com\/embed\/V3ajCf49Qfo?feature=oembed\" frameborder=\"0\" allow=\"accelerometer; autoplay; clipboard-write; encrypted-media; gyroscope; picture-in-picture\" allowfullscreen><\/iframe><\/p>\n<p style=\"text-align: left;\"><strong>&#8220;DE AMOR, DE JUSTI\u00c7A E DE SOLIDARIEDADE&#8221; (do \u00c1lbum &#8220;A Cela e o<\/strong> Voo&#8221;)<\/p>\n<p><iframe loading=\"lazy\" width=\"520\" height=\"293\" src=\"https:\/\/www.youtube.com\/embed\/6w1djMnoWhs?feature=oembed\" frameborder=\"0\" allow=\"accelerometer; autoplay; clipboard-write; encrypted-media; gyroscope; picture-in-picture\" allowfullscreen><\/iframe><\/p>\n<p><em><a href=\"https:\/\/pag.ae\/bddt1k5\">ACRESCENTE \u00a0&#8220;A CELA E O VOO&#8221; AO SEU ACERVO &#8211; clique aqu\u00ed<\/a><\/em><\/p>\n<p style=\"text-align: left;\"><strong>&#8220;REENCONTRO&#8221; (do \u00c1lbum &#8220;ARTE&#8221;)<\/strong><\/p>\n<p><em><a href=\"https:\/\/pag.ae\/bld5qNh\">ACRESCENTE O \u00c1LBUM &#8220;ARTE&#8221; AO SEU ACERVO &#8211; Clique aqui para adquiri-lo<\/a><\/em><\/p>\n<p><iframe loading=\"lazy\" width=\"520\" height=\"293\" src=\"https:\/\/www.youtube.com\/embed\/N1okQatLd8k?feature=oembed\" frameborder=\"0\" allow=\"accelerometer; autoplay; clipboard-write; encrypted-media; gyroscope; picture-in-picture\" allowfullscreen><\/iframe><\/p>\n<p>&nbsp;<\/p>\n","protected":false},"excerpt":{"rendered":"<p>&#8220;VOLTA!&#8221; &#8211; de Vagner Ara\u00fajo &#8211; do \u00c1lbum &#8220;FIGURINO&#8221; &#8220;POR A\u00cd&#8221; &#8211; do \u00c1lbum &#8220;FIGURINO&#8221; &#8220;PELE&#8221; &#8211; de <a class=\"read-more\" href=\"http:\/\/sergiosachicompositor.com\/?page_id=413\">&#8230; Read more<\/a><\/p>\n","protected":false},"author":1,"featured_media":0,"parent":430,"menu_order":17,"comment_status":"closed","ping_status":"closed","template":"","meta":[],"_links":{"self":[{"href":"http:\/\/sergiosachicompositor.com\/index.php?rest_route=\/wp\/v2\/pages\/413"}],"collection":[{"href":"http:\/\/sergiosachicompositor.com\/index.php?rest_route=\/wp\/v2\/pages"}],"about":[{"href":"http:\/\/sergiosachicompositor.com\/index.php?rest_route=\/wp\/v2\/types\/page"}],"author":[{"embeddable":true,"href":"http:\/\/sergiosachicompositor.com\/index.php?rest_route=\/wp\/v2\/users\/1"}],"replies":[{"embeddable":true,"href":"http:\/\/sergiosachicompositor.com\/index.php?rest_route=%2Fwp%2Fv2%2Fcomments&post=413"}],"version-history":[{"count":67,"href":"http:\/\/sergiosachicompositor.com\/index.php?rest_route=\/wp\/v2\/pages\/413\/revisions"}],"predecessor-version":[{"id":1164,"href":"http:\/\/sergiosachicompositor.com\/index.php?rest_route=\/wp\/v2\/pages\/413\/revisions\/1164"}],"up":[{"embeddable":true,"href":"http:\/\/sergiosachicompositor.com\/index.php?rest_route=\/wp\/v2\/pages\/430"}],"wp:attachment":[{"href":"http:\/\/sergiosachicompositor.com\/index.php?rest_route=%2Fwp%2Fv2%2Fmedia&parent=413"}],"curies":[{"name":"wp","href":"https:\/\/api.w.org\/{rel}","templated":true}]}}