{"id":565,"date":"2017-05-29T17:11:21","date_gmt":"2017-05-29T17:11:21","guid":{"rendered":"http:\/\/sergiosachicompositor.com\/?page_id=565"},"modified":"2018-08-21T19:33:27","modified_gmt":"2018-08-21T19:33:27","slug":"letras-diversas-avulsas","status":"publish","type":"page","link":"http:\/\/sergiosachicompositor.com\/?page_id=565","title":{"rendered":"*LETRAS DIVERSAS"},"content":{"rendered":"<p style=\"text-align: center;\"><strong>&#8220;ASSIM SEJA&#8221;<\/strong><\/p>\n<p style=\"text-align: center;\">(Do \u00c1lbum &#8220;Vento da Mudan\u00e7a&#8221;)<\/p>\n<p><a href=\"http:\/\/sergiosachicompositor.com\/?p=885\"><em>AQU\u00cd, A LETRA DESTA CAN\u00c7\u00c3O E O LINK PARA O CLIPE NO YOUTUBE<\/em><\/a><\/p>\n<p><img loading=\"lazy\" class=\"size-medium wp-image-879 aligncenter\" src=\"http:\/\/sergiosachicompositor.com\/wp-content\/uploads\/2018\/08\/asa3-300x169.jpg\" alt=\"\" width=\"300\" height=\"169\" srcset=\"http:\/\/sergiosachicompositor.com\/wp-content\/uploads\/2018\/08\/asa3-300x169.jpg 300w, http:\/\/sergiosachicompositor.com\/wp-content\/uploads\/2018\/08\/asa3.jpg 608w\" sizes=\"(max-width: 300px) 100vw, 300px\" \/><\/p>\n<p style=\"text-align: center;\"><strong>&#8220;ESTRELA DA MANH\u00c3&#8221;<\/strong><\/p>\n<p style=\"text-align: center;\">(Do \u00c1lbum &#8220;A Cela e o Voo)<\/p>\n<p style=\"text-align: center;\"><em><a href=\"http:\/\/sergiosachicompositor.com\/?p=865\" target=\"_blank\" rel=\"noopener\">A LETRA DESTA CAN\u00c7\u00c3O E O LINK PARA O V\u00cdDEO NO YOUTUBE &#8211; AQUI<\/a><\/em><\/p>\n<p><img loading=\"lazy\" class=\"size-medium wp-image-864 aligncenter\" src=\"http:\/\/sergiosachicompositor.com\/wp-content\/uploads\/2018\/05\/AB2-1-300x225.jpg\" alt=\"\" width=\"300\" height=\"225\" \/><\/p>\n<p style=\"text-align: center;\"><strong>&#8220;POETA&#8221;<\/strong><\/p>\n<p style=\"text-align: center;\">(Do \u00c1lbum &#8220;A Cela e o V\u00f4o&#8221;)<\/p>\n<p style=\"text-align: center;\"><em><a href=\"http:\/\/sergiosachicompositor.com\/?p=857\" target=\"_blank\" rel=\"noopener\">AQUI, A LETRA DESTA CAN\u00c7\u00c3O E O V\u00cdDEO NO YOUTUBE<\/a><\/em><\/p>\n<p><img loading=\"lazy\" class=\"size-medium wp-image-856 aligncenter\" src=\"http:\/\/sergiosachicompositor.com\/wp-content\/uploads\/2018\/05\/AB2-267x300.jpg\" alt=\"\" width=\"267\" height=\"300\" srcset=\"http:\/\/sergiosachicompositor.com\/wp-content\/uploads\/2018\/05\/AB2-267x300.jpg 267w, http:\/\/sergiosachicompositor.com\/wp-content\/uploads\/2018\/05\/AB2.jpg 704w\" sizes=\"(max-width: 267px) 100vw, 267px\" \/><\/p>\n<p style=\"text-align: center;\"><strong>&#8220;O QUE A VIDA QUISER ME DAR&#8221;<\/strong><\/p>\n<p style=\"text-align: center;\"><a href=\"https:\/\/store.cdbaby.com\/cd\/sergiosachi\" target=\"_blank\" rel=\"noopener\">(Do \u00c1lbum &#8220;20 SUCESSOS&#8221; &#8211; Acesse e Ou\u00e7a Todas as Pr\u00e9vias)<\/a><\/p>\n<p style=\"text-align: center;\"><em><a href=\"http:\/\/sergiosachicompositor.com\/?p=849\" target=\"_blank\" rel=\"noopener\">A LETRA DESTA CAN\u00c7\u00c3O E O V\u00cdDEO NO YOUTUBE &#8211; AQUI<\/a><\/em><\/p>\n<p><img loading=\"lazy\" class=\"size-medium wp-image-848 aligncenter\" src=\"http:\/\/sergiosachicompositor.com\/wp-content\/uploads\/2018\/05\/AB1-300x196.jpg\" alt=\"\" width=\"300\" height=\"196\" srcset=\"http:\/\/sergiosachicompositor.com\/wp-content\/uploads\/2018\/05\/AB1-300x196.jpg 300w, http:\/\/sergiosachicompositor.com\/wp-content\/uploads\/2018\/05\/AB1.jpg 420w\" sizes=\"(max-width: 300px) 100vw, 300px\" \/><\/p>\n<p style=\"text-align: center;\"><strong>&#8220;JEITO DE SER (Caapric\u00f3rnio)&#8221;<\/strong><\/p>\n<p style=\"text-align: center;\"><a href=\"https:\/\/store.cdbaby.com\/cd\/sergiosachi\" target=\"_blank\" rel=\"noopener\">(Do \u00c1lbum &#8220;20 SUCESSOS&#8221; &#8211; Acesse e Ou\u00e7a Todas as Pr\u00e9vias)<\/a><\/p>\n<p style=\"text-align: center;\"><em><a href=\"http:\/\/sergiosachicompositor.com\/?p=839\" target=\"_blank\" rel=\"noopener\">AQUI, A LETRA DESTA CAN\u00c7\u00c3O E O LINK PARA O V\u00cdDEO NO YOUTUBE<\/a><\/em><\/p>\n<p><img loading=\"lazy\" class=\"size-medium wp-image-838 aligncenter\" src=\"http:\/\/sergiosachicompositor.com\/wp-content\/uploads\/2018\/04\/CAPRICORNIO1-300x203.jpg\" alt=\"\" width=\"300\" height=\"203\" srcset=\"http:\/\/sergiosachicompositor.com\/wp-content\/uploads\/2018\/04\/CAPRICORNIO1-300x203.jpg 300w, http:\/\/sergiosachicompositor.com\/wp-content\/uploads\/2018\/04\/CAPRICORNIO1.jpg 500w\" sizes=\"(max-width: 300px) 100vw, 300px\" \/><\/p>\n<p style=\"text-align: center;\"><strong>&#8220;ASSIM&#8221;<\/strong><\/p>\n<p style=\"text-align: center;\"><a href=\"https:\/\/store.cdbaby.com\/cd\/sergiosachi\" target=\"_blank\" rel=\"noopener\">(Do \u00c1lbum &#8220;20 SUCESSOS&#8221; &#8211; Clique Aqui e Ou\u00e7a todas as Pr\u00e9vias)<\/a><\/p>\n<p>&nbsp;<\/p>\n<p style=\"text-align: center;\"><em><a href=\"http:\/\/sergiosachicompositor.com\/?p=830\" target=\"_blank\" rel=\"noopener\">AQUI, O V\u00cdDEO E A LETRA DESTA CAN\u00c7\u00c3O<\/a><\/em><\/p>\n<p><img loading=\"lazy\" class=\"size-medium wp-image-834 aligncenter\" src=\"http:\/\/sergiosachicompositor.com\/wp-content\/uploads\/2018\/04\/AH10-300x211.jpg\" alt=\"\" width=\"300\" height=\"211\" srcset=\"http:\/\/sergiosachicompositor.com\/wp-content\/uploads\/2018\/04\/AH10-300x211.jpg 300w, http:\/\/sergiosachicompositor.com\/wp-content\/uploads\/2018\/04\/AH10-768x539.jpg 768w, http:\/\/sergiosachicompositor.com\/wp-content\/uploads\/2018\/04\/AH10.jpg 896w\" sizes=\"(max-width: 300px) 100vw, 300px\" \/><\/p>\n<p style=\"text-align: center;\">&#8220;NA<strong> HORA DO SONHO&#8221;<\/strong><\/p>\n<p style=\"text-align: center;\"><a href=\"https:\/\/store.cdbaby.com\/cd\/sergiosachi\" target=\"_blank\" rel=\"noopener\">(Do \u00c1lbum &#8220;20 SUCESSOS&#8221; &#8211; Ou\u00e7a Gr\u00e1tis Aqui as Pr\u00e9vias das Can\u00e7\u00f5es)<\/a><\/p>\n<p style=\"text-align: center;\"><em><a href=\"http:\/\/sergiosachicompositor.com\/?p=820\" target=\"_blank\" rel=\"noopener\">CLIQUE AQUI PARA ACESSAR A LETRA DESTA CAN\u00c7\u00c3O E O V\u00cdDEO<\/a><\/em><\/p>\n<p><img loading=\"lazy\" class=\"size-full wp-image-819 aligncenter\" src=\"http:\/\/sergiosachicompositor.com\/wp-content\/uploads\/2018\/03\/SONHO5.jpg\" alt=\"\" width=\"276\" height=\"183\" \/><\/p>\n<p style=\"text-align: center;\"><strong>&#8220;HOMEM DO AMANH\u00c3&#8221;<\/strong><\/p>\n<p style=\"text-align: center;\"><a href=\"https:\/\/store.cdbaby.com\/cd\/sergiosachi\" target=\"_blank\" rel=\"noopener\">(Do \u00c1lbum &#8220;20 SUCESSOS&#8221; &#8211; Ou\u00e7a Gr\u00e1tis as Pr\u00e9vias de Todas as Faixas Aqui)<\/a><\/p>\n<p style=\"text-align: center;\"><em><a href=\"http:\/\/sergiosachicompositor.com\/?p=811\" target=\"_blank\" rel=\"noopener\">ACESSE AQUI A LETRA E O V\u00cdDEO DA CAN\u00c7\u00c3O<\/a><\/em><\/p>\n<p><img loading=\"lazy\" class=\"size-medium wp-image-810 aligncenter\" src=\"http:\/\/sergiosachicompositor.com\/wp-content\/uploads\/2018\/03\/AH1-300x235.jpg\" alt=\"\" width=\"300\" height=\"235\" srcset=\"http:\/\/sergiosachicompositor.com\/wp-content\/uploads\/2018\/03\/AH1-300x235.jpg 300w, http:\/\/sergiosachicompositor.com\/wp-content\/uploads\/2018\/03\/AH1.jpg 449w\" sizes=\"(max-width: 300px) 100vw, 300px\" \/><\/p>\n<p style=\"text-align: center;\"><strong>&#8220;CAN\u00c7\u00d5ES DO R\u00c1DIO&#8221;<\/strong><\/p>\n<p style=\"text-align: center;\"><em><a href=\"http:\/\/sergiosachicompositor.com\/?p=557\">CLIQUE AQUI PARA ACESSAR A LETRA E O V\u00cdDEO DESTA CAN\u00c7\u00c3O<\/a><\/em><\/p>\n<p style=\"text-align: center;\"><img loading=\"lazy\" class=\"alignnone size-medium wp-image-562\" src=\"http:\/\/sergiosachicompositor.com\/wp-content\/uploads\/2017\/05\/A25-300x169-1-300x169.jpg\" alt=\"rp_A25-300x169.jpg\" width=\"300\" height=\"169\" \/><\/p>\n<p><em><strong><a href=\"https:\/\/pag.ae\/bhd5xMR\">ESTA CAN\u00c7\u00c3O INTEGRA O \u00c1LBUM &#8220;FIGURINO&#8221; &#8211; Clique aqui para adquiri-lo<\/a><\/strong><\/em><\/p>\n<p>&nbsp;<\/p>\n<p style=\"text-align: center;\"><strong>&#8220;ESPIRARTE&#8221;<\/strong><\/p>\n<p style=\"text-align: center;\"><em><strong><a href=\"http:\/\/sergiosachicompositor.com\/?p=591\">CLIQUE AQUI PARA ACESSAR A LETRA E O V\u00cdDEO DESTA CAN\u00c7\u00c3O<\/a><\/strong><\/em><\/p>\n<p><img loading=\"lazy\" class=\"alignnone size-medium wp-image-594 aligncenter\" src=\"http:\/\/sergiosachicompositor.com\/wp-content\/uploads\/2017\/06\/A1-279x300.jpg\" alt=\"A1\" width=\"279\" height=\"300\" srcset=\"http:\/\/sergiosachicompositor.com\/wp-content\/uploads\/2017\/06\/A1-279x300.jpg 279w, http:\/\/sergiosachicompositor.com\/wp-content\/uploads\/2017\/06\/A1.jpg 300w\" sizes=\"(max-width: 279px) 100vw, 279px\" \/><\/p>\n<p><em><strong><a href=\"https:\/\/pag.ae\/bddt1k5\">DO \u00c1LBUM &#8220;A CELA E O VOO&#8221; &#8211; Clique aqui para adquiri-lo<\/a><\/strong><\/em><\/p>\n<p style=\"text-align: center;\">&#8220;<strong>QUE OS P\u00c1SSAROS CLAMEM&#8221;<\/strong><\/p>\n<p style=\"text-align: center;\"><em><a href=\"http:\/\/sergiosachicompositor.com\/?p=705\" target=\"_blank\" rel=\"noopener\">CLIQUE E ASSISTA AO V\u00cdDEO NO YOUTUBE<\/a><\/em><\/p>\n<p><img loading=\"lazy\" class=\"size-medium wp-image-704 aligncenter\" src=\"http:\/\/sergiosachicompositor.com\/wp-content\/uploads\/2018\/02\/aa9-300x150.jpg\" alt=\"\" width=\"300\" height=\"150\" srcset=\"http:\/\/sergiosachicompositor.com\/wp-content\/uploads\/2018\/02\/aa9-300x150.jpg 300w, http:\/\/sergiosachicompositor.com\/wp-content\/uploads\/2018\/02\/aa9.jpg 600w\" sizes=\"(max-width: 300px) 100vw, 300px\" \/><\/p>\n<p style=\"text-align: center;\"><em><a href=\"https:\/\/store.cdbaby.com\/cd\/sergiosachi\">DO \u00c1LBUM (Digital) &#8220;20 SUCESSOS&#8221; &#8211; OU\u00c7A AS PR\u00c9VIAS DE TODAS AS CAN\u00c7\u00d5ES AQUI &#8211; ADQUIRA.<\/a><\/em><\/p>\n<p style=\"text-align: center;\"><strong>&#8220;RUMO NORTE&#8221;<\/strong><\/p>\n<p style=\"text-align: center;\"><a href=\"https:\/\/store.cdbaby.com\/cd\/sergiosachi\" target=\"_blank\" rel=\"noopener\"><em>(Do \u00c1lbum &#8220;20 SUCESSOS&#8221; &#8211; Ou\u00e7a e Adquira Aqu\u00ed)<\/em><\/a><\/p>\n<p style=\"text-align: center;\"><a href=\"http:\/\/sergiosachicompositor.com\/?p=503\" target=\"_blank\" rel=\"noopener\">AQU\u00cd &#8211; A LETRA DA CAN\u00c7\u00c3O E O LINK DO V\u00cdDEO NO YOUTUBE<\/a><\/p>\n<p><img loading=\"lazy\" class=\"size-medium wp-image-519 aligncenter\" src=\"http:\/\/sergiosachicompositor.com\/wp-content\/uploads\/2017\/03\/rumo32-300x213-300x213.jpg\" alt=\"\" width=\"300\" height=\"213\" \/><\/p>\n<p style=\"text-align: center;\"><strong>&#8220;ARTE&#8221;<\/strong><\/p>\n<p style=\"text-align: center;\"><a href=\"http:\/\/sergiosachicompositor.com\/?p=783\" target=\"_blank\" rel=\"noopener\">AQU\u00cd, A LETRA DA CAN\u00c7\u00c3O E O LINK PARA O YOUTUBE<\/a><\/p>\n<p style=\"text-align: center;\"><em><a href=\"https:\/\/store.cdbaby.com\/cd\/sergiosachi\" target=\"_blank\" rel=\"noopener\">(Do \u00c1lbum &#8220;20 SUCESSOS&#8221; &#8211; Ou\u00e7a e\/ou Adquira Aqu\u00ed)<\/a><\/em><\/p>\n<p><img loading=\"lazy\" class=\"size-medium wp-image-347 aligncenter\" src=\"http:\/\/sergiosachicompositor.com\/wp-content\/uploads\/2016\/11\/partitura1-300x225.jpg\" alt=\"\" width=\"300\" height=\"225\" \/><\/p>\n<p style=\"text-align: center;\"><strong>&#8220;NA TRANSVERSAL DO TEMPO&#8221;<\/strong><\/p>\n<p style=\"text-align: center;\"><a href=\"https:\/\/store.cdbaby.com\/cd\/sergiosachi\" target=\"_blank\" rel=\"noopener\">(Do \u00c1lbum &#8220;20 SUCESSOS&#8221; &#8211; Acesse e Ou\u00e7a Todas as Pr\u00e9vias)<\/a><\/p>\n<p style=\"text-align: center;\"><em><a href=\"http:\/\/sergiosachicompositor.com\/?p=788\" target=\"_blank\" rel=\"noopener\">PARA ACESSAR A LETRA E O V\u00cdDEO DA CAN\u00c7\u00c3O, CLIQUE AQU\u00cd<\/a><\/em><\/p>\n<p><img loading=\"lazy\" class=\"size-medium wp-image-794 aligncenter\" src=\"http:\/\/sergiosachicompositor.com\/wp-content\/uploads\/2018\/03\/CHAGLAMR-300x200.jpg\" alt=\"\" width=\"300\" height=\"200\" srcset=\"http:\/\/sergiosachicompositor.com\/wp-content\/uploads\/2018\/03\/CHAGLAMR-300x200.jpg 300w, http:\/\/sergiosachicompositor.com\/wp-content\/uploads\/2018\/03\/CHAGLAMR.jpg 600w\" sizes=\"(max-width: 300px) 100vw, 300px\" \/><\/p>\n<p style=\"text-align: center;\"><strong>&#8220;ROSEIRA&#8221;<\/strong><\/p>\n<p style=\"text-align: center;\"><a href=\"https:\/\/store.cdbaby.com\/cd\/sergiosachi\" target=\"_blank\" rel=\"noopener\">(Do \u00c1lbum &#8220;20 SUCESSOS&#8221; &#8211; Ou\u00e7a as Pr\u00e9vias Aqu\u00ed)<\/a><\/p>\n<p style=\"text-align: center;\"><em><a href=\"http:\/\/sergiosachicompositor.com\/?p=799\" target=\"_blank\" rel=\"noopener\">AQU\u00cd &#8211; ACESSE A LETRA DESTA CAN\u00c7\u00c3O E O V\u00cdDEO NO YOUTUBE &#8211; INSCREVA-SE<\/a><\/em><\/p>\n<p style=\"text-align: center;\"><img loading=\"lazy\" class=\"size-medium wp-image-798 aligncenter\" src=\"http:\/\/sergiosachicompositor.com\/wp-content\/uploads\/2018\/03\/chaglam16-300x209.jpg\" alt=\"\" width=\"300\" height=\"209\" srcset=\"http:\/\/sergiosachicompositor.com\/wp-content\/uploads\/2018\/03\/chaglam16-300x209.jpg 300w, http:\/\/sergiosachicompositor.com\/wp-content\/uploads\/2018\/03\/chaglam16-768x535.jpg 768w, http:\/\/sergiosachicompositor.com\/wp-content\/uploads\/2018\/03\/chaglam16-1024x713.jpg 1024w, http:\/\/sergiosachicompositor.com\/wp-content\/uploads\/2018\/03\/chaglam16.jpg 1109w\" sizes=\"(max-width: 300px) 100vw, 300px\" \/><\/p>\n<p>&nbsp;<\/p>\n<p>&nbsp;<\/p>\n<p>&nbsp;<\/p>\n","protected":false},"excerpt":{"rendered":"<p>&#8220;ASSIM SEJA&#8221; (Do \u00c1lbum &#8220;Vento da Mudan\u00e7a&#8221;) AQU\u00cd, A LETRA DESTA CAN\u00c7\u00c3O E O LINK PARA O CLIPE <a class=\"read-more\" href=\"http:\/\/sergiosachicompositor.com\/?page_id=565\">&#8230; Read more<\/a><\/p>\n","protected":false},"author":1,"featured_media":0,"parent":30,"menu_order":7,"comment_status":"closed","ping_status":"closed","template":"","meta":[],"_links":{"self":[{"href":"http:\/\/sergiosachicompositor.com\/index.php?rest_route=\/wp\/v2\/pages\/565"}],"collection":[{"href":"http:\/\/sergiosachicompositor.com\/index.php?rest_route=\/wp\/v2\/pages"}],"about":[{"href":"http:\/\/sergiosachicompositor.com\/index.php?rest_route=\/wp\/v2\/types\/page"}],"author":[{"embeddable":true,"href":"http:\/\/sergiosachicompositor.com\/index.php?rest_route=\/wp\/v2\/users\/1"}],"replies":[{"embeddable":true,"href":"http:\/\/sergiosachicompositor.com\/index.php?rest_route=%2Fwp%2Fv2%2Fcomments&post=565"}],"version-history":[{"count":26,"href":"http:\/\/sergiosachicompositor.com\/index.php?rest_route=\/wp\/v2\/pages\/565\/revisions"}],"predecessor-version":[{"id":887,"href":"http:\/\/sergiosachicompositor.com\/index.php?rest_route=\/wp\/v2\/pages\/565\/revisions\/887"}],"up":[{"embeddable":true,"href":"http:\/\/sergiosachicompositor.com\/index.php?rest_route=\/wp\/v2\/pages\/30"}],"wp:attachment":[{"href":"http:\/\/sergiosachicompositor.com\/index.php?rest_route=%2Fwp%2Fv2%2Fmedia&parent=565"}],"curies":[{"name":"wp","href":"https:\/\/api.w.org\/{rel}","templated":true}]}}