{"id":651,"date":"2017-10-09T19:55:05","date_gmt":"2017-10-09T19:55:05","guid":{"rendered":"http:\/\/sergiosachicompositor.com\/?page_id=651"},"modified":"2017-10-11T14:29:14","modified_gmt":"2017-10-11T14:29:14","slug":"sucesso-sua-inscricao-esta-completa","status":"publish","type":"page","link":"http:\/\/sergiosachicompositor.com\/?page_id=651","title":{"rendered":"&#8230;."},"content":{"rendered":"<p style=\"text-align: center;\"><strong>SUCESSO! SUA INSCRI\u00c7\u00c3O EST\u00c1 COMPLETA.<\/strong><\/p>\n<p style=\"text-align: center;\"><em>.Eu estou enviando o EBook &#8220;20 SUCESSOS&#8221; para o seu endere\u00e7o de EMail e&#8230; com um B\u00d4NUS EXTRA: o EBook &#8220;A CELA E O V\u00d4O&#8221;.\u00a0<\/em><em>Voc\u00ea poder\u00e1 acess\u00e1-los a qualquer tempo (IMPORTANTE: lembre-se de me adicionar \u00e0 sua lista de Contatos para evitar Spans). Agora, venha conhecer mais de &#8220;20 SUCESSOS&#8221;. Ou\u00e7a as pr\u00e9vias de todas as Can\u00e7\u00f5es em &#8220;preview all songs&#8221;. Tenho certeza de que voc\u00ea vai curtir. Compartilhe com seus amigos, OK?<\/em><\/p>\n<p>&nbsp;<\/p>\n<p><em><strong><a href=\"https:\/\/store.cdbaby.com\/cd\/sergiosachi\" target=\"_blank\" rel=\"noopener\">CLIQUE AQU\u00cd PARA CONHECER MAIS DETALHES DESTE \u00c1LBUM<\/a><\/strong><\/em><\/p>\n<p>&nbsp;<\/p>\n","protected":false},"excerpt":{"rendered":"<p>SUCESSO! SUA INSCRI\u00c7\u00c3O EST\u00c1 COMPLETA. .Eu estou enviando o EBook &#8220;20 SUCESSOS&#8221; para o seu endere\u00e7o de EMail <a class=\"read-more\" href=\"http:\/\/sergiosachicompositor.com\/?page_id=651\">&#8230; Read more<\/a><\/p>\n","protected":false},"author":1,"featured_media":0,"parent":655,"menu_order":54,"comment_status":"closed","ping_status":"closed","template":"","meta":[],"_links":{"self":[{"href":"http:\/\/sergiosachicompositor.com\/index.php?rest_route=\/wp\/v2\/pages\/651"}],"collection":[{"href":"http:\/\/sergiosachicompositor.com\/index.php?rest_route=\/wp\/v2\/pages"}],"about":[{"href":"http:\/\/sergiosachicompositor.com\/index.php?rest_route=\/wp\/v2\/types\/page"}],"author":[{"embeddable":true,"href":"http:\/\/sergiosachicompositor.com\/index.php?rest_route=\/wp\/v2\/users\/1"}],"replies":[{"embeddable":true,"href":"http:\/\/sergiosachicompositor.com\/index.php?rest_route=%2Fwp%2Fv2%2Fcomments&post=651"}],"version-history":[{"count":5,"href":"http:\/\/sergiosachicompositor.com\/index.php?rest_route=\/wp\/v2\/pages\/651\/revisions"}],"predecessor-version":[{"id":668,"href":"http:\/\/sergiosachicompositor.com\/index.php?rest_route=\/wp\/v2\/pages\/651\/revisions\/668"}],"up":[{"embeddable":true,"href":"http:\/\/sergiosachicompositor.com\/index.php?rest_route=\/wp\/v2\/pages\/655"}],"wp:attachment":[{"href":"http:\/\/sergiosachicompositor.com\/index.php?rest_route=%2Fwp%2Fv2%2Fmedia&parent=651"}],"curies":[{"name":"wp","href":"https:\/\/api.w.org\/{rel}","templated":true}]}}