{"id":679,"date":"2018-02-16T18:29:38","date_gmt":"2018-02-16T18:29:38","guid":{"rendered":"http:\/\/sergiosachicompositor.com\/?page_id=679"},"modified":"2020-01-21T15:02:49","modified_gmt":"2020-01-21T15:02:49","slug":"no-facebook","status":"publish","type":"page","link":"http:\/\/sergiosachicompositor.com\/?page_id=679","title":{"rendered":"No FACEBOOK"},"content":{"rendered":"<p>As redes sociais s\u00e3o hoje, de longe, a ferramenta mais eficaz para a comunica\u00e7\u00e3o dos artistas independentes junto aos seus f\u00e3s e seguidores. A par das dificuldades naturais que esses artistas enfrentam, de vez que n\u00e3o contam com o apoio das grandes gravadoras, conseguem ter, em contrapartida, acesso direto \u00e0s pessoas que curtem seu trabalho. Traduzindo, a produ\u00e7\u00e3o art\u00edstica &#8220;democratizou-se&#8221;. O artista n\u00e3o est\u00e1 mais submisso, por for\u00e7a de contratos, \u00e0s imposi\u00e7\u00f5es de produtores musicais, muitas vezes equivocados. Assim, redes como o Youtube, o Spotify, o Tweeter e, em especial, o Facebook, s\u00e3o ferramentas de comunica\u00e7\u00e3o e intera\u00e7\u00e3o por excel\u00eancia. Aproveitando essas oportunidades, Sergio\u00a0 Sachi est\u00e1 presente em todas elas.<\/p>\n<p>&nbsp;<\/p>\n<p style=\"text-align: center;\"><strong><a href=\"https:\/\/www.facebook.com\/SergioSachiOficial\/\" target=\"_blank\" rel=\"noopener\">ENT\u00c3O, VENHA CONHECER E CURTIR A FANPAGE DE SERGIO SACHI NO FACEBOOK &#8211; CLIQUE AQUI<\/a><\/strong><\/p>\n<p>&nbsp;<\/p>\n<p style=\"text-align: center;\"><em>E COMPARTILHE COM SEUS AMIGOS PARA QUE TAMB\u00c9M O FA\u00c7AM.<\/em><\/p>\n<p><img loading=\"lazy\" class=\"size-medium wp-image-104 aligncenter\" src=\"http:\/\/sergiosachicompositor.com\/wp-content\/uploads\/2016\/08\/sergiosachi1-300x244.jpg\" alt=\"\" width=\"300\" height=\"244\" srcset=\"http:\/\/sergiosachicompositor.com\/wp-content\/uploads\/2016\/08\/sergiosachi1-300x244.jpg 300w, http:\/\/sergiosachicompositor.com\/wp-content\/uploads\/2016\/08\/sergiosachi1-768x623.jpg 768w, http:\/\/sergiosachicompositor.com\/wp-content\/uploads\/2016\/08\/sergiosachi1.jpg 850w\" sizes=\"(max-width: 300px) 100vw, 300px\" \/><\/p>\n<p>&nbsp;<\/p>\n<p>&nbsp;<\/p>\n","protected":false},"excerpt":{"rendered":"<p>As redes sociais s\u00e3o hoje, de longe, a ferramenta mais eficaz para a comunica\u00e7\u00e3o dos artistas independentes junto <a class=\"read-more\" href=\"http:\/\/sergiosachicompositor.com\/?page_id=679\">&#8230; Read more<\/a><\/p>\n","protected":false},"author":1,"featured_media":0,"parent":932,"menu_order":5,"comment_status":"closed","ping_status":"closed","template":"","meta":[],"_links":{"self":[{"href":"http:\/\/sergiosachicompositor.com\/index.php?rest_route=\/wp\/v2\/pages\/679"}],"collection":[{"href":"http:\/\/sergiosachicompositor.com\/index.php?rest_route=\/wp\/v2\/pages"}],"about":[{"href":"http:\/\/sergiosachicompositor.com\/index.php?rest_route=\/wp\/v2\/types\/page"}],"author":[{"embeddable":true,"href":"http:\/\/sergiosachicompositor.com\/index.php?rest_route=\/wp\/v2\/users\/1"}],"replies":[{"embeddable":true,"href":"http:\/\/sergiosachicompositor.com\/index.php?rest_route=%2Fwp%2Fv2%2Fcomments&post=679"}],"version-history":[{"count":1,"href":"http:\/\/sergiosachicompositor.com\/index.php?rest_route=\/wp\/v2\/pages\/679\/revisions"}],"predecessor-version":[{"id":680,"href":"http:\/\/sergiosachicompositor.com\/index.php?rest_route=\/wp\/v2\/pages\/679\/revisions\/680"}],"up":[{"embeddable":true,"href":"http:\/\/sergiosachicompositor.com\/index.php?rest_route=\/wp\/v2\/pages\/932"}],"wp:attachment":[{"href":"http:\/\/sergiosachicompositor.com\/index.php?rest_route=%2Fwp%2Fv2%2Fmedia&parent=679"}],"curies":[{"name":"wp","href":"https:\/\/api.w.org\/{rel}","templated":true}]}}