{"id":934,"date":"2020-01-21T15:18:27","date_gmt":"2020-01-21T15:18:27","guid":{"rendered":"http:\/\/sergiosachicompositor.com\/?page_id=934"},"modified":"2020-01-21T15:18:27","modified_gmt":"2020-01-21T15:18:27","slug":"no-cifra-club","status":"publish","type":"page","link":"http:\/\/sergiosachicompositor.com\/?page_id=934","title":{"rendered":"No CIFRA CLUB"},"content":{"rendered":"<p>Gosta das can\u00e7\u00f5es de Sergio Sachi e quer aprender a toc\u00e1-las? Ou, voc\u00ea \u00e9 Int\u00e9rprete (cantora ou cantor) e\/ou faz parte de algum grupo ou banda e quer incluir as can\u00e7\u00f5es de Sergio Sachi em seu repert\u00f3rio? Tem jogo, viu? Acesse sua P\u00e1gina no Cifra Clube onde muitas das cifragens dessas can\u00e7\u00f5es est\u00e3o publicadas. Se quiser fazer contato com o compositor, envie um EMail para<\/p>\n<p><em><strong>s-sachi@hotmail.com.<\/strong><\/em><\/p>\n<p><a href=\"https:\/\/www.cifraclub.com.br\/sergio-sachi\/\" target=\"_blank\" rel=\"noopener\">CLIQUE AQU\u00cd PARA ACESSAR O CIFRA CLUB. TORNE-SE F\u00c3!<\/a><\/p>\n","protected":false},"excerpt":{"rendered":"<p>Gosta das can\u00e7\u00f5es de Sergio Sachi e quer aprender a toc\u00e1-las? Ou, voc\u00ea \u00e9 Int\u00e9rprete (cantora ou cantor) <a class=\"read-more\" href=\"http:\/\/sergiosachicompositor.com\/?page_id=934\">&#8230; Read more<\/a><\/p>\n","protected":false},"author":1,"featured_media":0,"parent":932,"menu_order":6,"comment_status":"closed","ping_status":"closed","template":"","meta":[],"_links":{"self":[{"href":"http:\/\/sergiosachicompositor.com\/index.php?rest_route=\/wp\/v2\/pages\/934"}],"collection":[{"href":"http:\/\/sergiosachicompositor.com\/index.php?rest_route=\/wp\/v2\/pages"}],"about":[{"href":"http:\/\/sergiosachicompositor.com\/index.php?rest_route=\/wp\/v2\/types\/page"}],"author":[{"embeddable":true,"href":"http:\/\/sergiosachicompositor.com\/index.php?rest_route=\/wp\/v2\/users\/1"}],"replies":[{"embeddable":true,"href":"http:\/\/sergiosachicompositor.com\/index.php?rest_route=%2Fwp%2Fv2%2Fcomments&post=934"}],"version-history":[{"count":1,"href":"http:\/\/sergiosachicompositor.com\/index.php?rest_route=\/wp\/v2\/pages\/934\/revisions"}],"predecessor-version":[{"id":935,"href":"http:\/\/sergiosachicompositor.com\/index.php?rest_route=\/wp\/v2\/pages\/934\/revisions\/935"}],"up":[{"embeddable":true,"href":"http:\/\/sergiosachicompositor.com\/index.php?rest_route=\/wp\/v2\/pages\/932"}],"wp:attachment":[{"href":"http:\/\/sergiosachicompositor.com\/index.php?rest_route=%2Fwp%2Fv2%2Fmedia&parent=934"}],"curies":[{"name":"wp","href":"https:\/\/api.w.org\/{rel}","templated":true}]}}