{"id":976,"date":"2020-02-01T16:46:25","date_gmt":"2020-02-01T16:46:25","guid":{"rendered":"http:\/\/sergiosachicompositor.com\/?page_id=976"},"modified":"2020-08-10T19:56:54","modified_gmt":"2020-08-10T19:56:54","slug":"pagina-3-com-grupo-espirituoso","status":"publish","type":"page","link":"http:\/\/sergiosachicompositor.com\/?page_id=976","title":{"rendered":"*P\u00c1GINA 3 &#8211; com Grupo &#8220;ESPIRITUOSO&#8221;"},"content":{"rendered":"<p>&#8220;CORA\u00c7\u00c3O DO MUNDO&#8221; (Faixa-T\u00edtulo do \u00c1lbum)<\/p>\n<p><iframe loading=\"lazy\" width=\"520\" height=\"293\" src=\"https:\/\/www.youtube.com\/embed\/RDQY_ktG-Co?feature=oembed\" frameborder=\"0\" allow=\"accelerometer; autoplay; encrypted-media; gyroscope; picture-in-picture\" allowfullscreen><\/iframe><\/p>\n<p>&#8220;DAN\u00c7A&#8221; &#8211; Do \u00c1lbum &#8220;CORA\u00c7\u00c3O DO MUNDO&#8221; com Grupo ESPIRITUOSO<\/p>\n<p><iframe loading=\"lazy\" width=\"520\" height=\"293\" src=\"https:\/\/www.youtube.com\/embed\/77WKRm73POQ?feature=oembed\" frameborder=\"0\" allow=\"accelerometer; autoplay; encrypted-media; gyroscope; picture-in-picture\" allowfullscreen><\/iframe><\/p>\n<p>&#8220;CEN\u00c1RIO&#8221; &#8211; Do \u00c1lbum &#8220;CORA\u00c7\u00c3O DO MUNDO&#8221; com Grupo ESPIRITUOSO<\/p>\n<p><iframe loading=\"lazy\" width=\"520\" height=\"293\" src=\"https:\/\/www.youtube.com\/embed\/8N6U4BZSq9M?feature=oembed\" frameborder=\"0\" allow=\"accelerometer; autoplay; encrypted-media; gyroscope; picture-in-picture\" allowfullscreen><\/iframe><\/p>\n<p>&#8220;O CRUZEIRO DO SUL&#8221; (Do \u00c1lbum &#8220;Cora\u00e7\u00e3o do Mundo&#8221;)<\/p>\n<p><iframe loading=\"lazy\" width=\"520\" height=\"293\" src=\"https:\/\/www.youtube.com\/embed\/tkgo5Y6dNQw?feature=oembed\" frameborder=\"0\" allow=\"accelerometer; autoplay; encrypted-media; gyroscope; picture-in-picture\" allowfullscreen><\/iframe><\/p>\n<p>&#8220;DESCOBERTA&#8221; (Ao Vivo no Teatro &#8220;Nelson Rodrigues&#8221;)<\/p>\n<p><iframe loading=\"lazy\" width=\"520\" height=\"293\" src=\"https:\/\/www.youtube.com\/embed\/kKQRCBfkm0A?feature=oembed\" frameborder=\"0\" allow=\"accelerometer; autoplay; encrypted-media; gyroscope; picture-in-picture\" allowfullscreen><\/iframe><\/p>\n<p>&#8220;EU E VOC\u00ca&#8221; (Ao Vivo no Teatro &#8220;Pe.Bento&#8221;)<\/p>\n<p><iframe loading=\"lazy\" width=\"520\" height=\"293\" src=\"https:\/\/www.youtube.com\/embed\/LfzATzkiOwo?feature=oembed\" frameborder=\"0\" allow=\"accelerometer; autoplay; encrypted-media; gyroscope; picture-in-picture\" allowfullscreen><\/iframe><\/p>\n<p>&#8220;TEASER &#8211; 3 CAN\u00c7\u00d5ES&#8221; (Ao Vivo no Teatro &#8220;Nelson Rodrigues&#8221;)<\/p>\n<p><iframe loading=\"lazy\" width=\"520\" height=\"293\" src=\"https:\/\/www.youtube.com\/embed\/nQ_f_iywJWw?feature=oembed\" frameborder=\"0\" allow=\"accelerometer; autoplay; encrypted-media; gyroscope; picture-in-picture\" allowfullscreen><\/iframe><\/p>\n<p>&#8220;\u00c2NIMA&#8221; (De Milton Nascimento, ao Vivo)<\/p>\n<p><iframe loading=\"lazy\" width=\"520\" height=\"293\" src=\"https:\/\/www.youtube.com\/embed\/q7LiSbghVI8?feature=oembed\" frameborder=\"0\" allow=\"accelerometer; autoplay; encrypted-media; gyroscope; picture-in-picture\" allowfullscreen><\/iframe><\/p>\n<p>&#8220;DE AMOR, DE JUSTI\u00c7A E DE SOLIDARIEDADE&#8221; (Ao Vivo)<\/p>\n<p><iframe loading=\"lazy\" width=\"520\" height=\"293\" src=\"https:\/\/www.youtube.com\/embed\/4yYfXu9FQJg?feature=oembed\" frameborder=\"0\" allow=\"accelerometer; autoplay; encrypted-media; gyroscope; picture-in-picture\" allowfullscreen><\/iframe><\/p>\n<p>&#8220;AMIGOS DE OUTRO PLANO&#8221; (Ao Vivo no Teatro &#8220;Pe.Bento&#8221;)<\/p>\n<p><iframe loading=\"lazy\" width=\"520\" height=\"293\" src=\"https:\/\/www.youtube.com\/embed\/FhGZXWNnnb0?feature=oembed\" frameborder=\"0\" allow=\"accelerometer; autoplay; encrypted-media; gyroscope; picture-in-picture\" allowfullscreen><\/iframe><\/p>\n<p>&nbsp;<\/p>\n","protected":false},"excerpt":{"rendered":"<p>&#8220;CORA\u00c7\u00c3O DO MUNDO&#8221; (Faixa-T\u00edtulo do \u00c1lbum) &#8220;DAN\u00c7A&#8221; &#8211; Do \u00c1lbum &#8220;CORA\u00c7\u00c3O DO MUNDO&#8221; com Grupo ESPIRITUOSO &#8220;CEN\u00c1RIO&#8221; &#8211; <a class=\"read-more\" href=\"http:\/\/sergiosachicompositor.com\/?page_id=976\">&#8230; Read more<\/a><\/p>\n","protected":false},"author":1,"featured_media":0,"parent":430,"menu_order":17,"comment_status":"closed","ping_status":"closed","template":"","meta":[],"_links":{"self":[{"href":"http:\/\/sergiosachicompositor.com\/index.php?rest_route=\/wp\/v2\/pages\/976"}],"collection":[{"href":"http:\/\/sergiosachicompositor.com\/index.php?rest_route=\/wp\/v2\/pages"}],"about":[{"href":"http:\/\/sergiosachicompositor.com\/index.php?rest_route=\/wp\/v2\/types\/page"}],"author":[{"embeddable":true,"href":"http:\/\/sergiosachicompositor.com\/index.php?rest_route=\/wp\/v2\/users\/1"}],"replies":[{"embeddable":true,"href":"http:\/\/sergiosachicompositor.com\/index.php?rest_route=%2Fwp%2Fv2%2Fcomments&post=976"}],"version-history":[{"count":11,"href":"http:\/\/sergiosachicompositor.com\/index.php?rest_route=\/wp\/v2\/pages\/976\/revisions"}],"predecessor-version":[{"id":1051,"href":"http:\/\/sergiosachicompositor.com\/index.php?rest_route=\/wp\/v2\/pages\/976\/revisions\/1051"}],"up":[{"embeddable":true,"href":"http:\/\/sergiosachicompositor.com\/index.php?rest_route=\/wp\/v2\/pages\/430"}],"wp:attachment":[{"href":"http:\/\/sergiosachicompositor.com\/index.php?rest_route=%2Fwp%2Fv2%2Fmedia&parent=976"}],"curies":[{"name":"wp","href":"https:\/\/api.w.org\/{rel}","templated":true}]}}